{"id":12,"date":"2022-11-11T15:12:01","date_gmt":"2022-11-11T14:12:01","guid":{"rendered":"http:\/\/neu.klaudiadietewich.de\/?page_id=12"},"modified":"2022-11-16T16:46:17","modified_gmt":"2022-11-16T15:46:17","slug":"datenschutz","status":"publish","type":"page","link":"https:\/\/klaudiadietewich.de\/en\/datenschutz\/","title":{"rendered":"Privacy Policy"},"content":{"rendered":"<p>[et_pb_section fb_built=&#8220;1&#8243; _builder_version=&#8220;4.19.0&#8243; _module_preset=&#8220;default&#8220; hover_enabled=&#8220;0&#8243; global_colors_info=&#8220;{}&#8220; background_color=&#8220;#e2e0de&#8220; sticky_enabled=&#8220;0&#8243;][et_pb_row _builder_version=&#8220;4.19.0&#8243; _module_preset=&#8220;default&#8220;][et_pb_column _builder_version=&#8220;4.19.0&#8243; _module_preset=&#8220;default&#8220; type=&#8220;4_4&#8243;][et_pb_text _builder_version=&#8220;4.19.0&#8243; _module_preset=&#8220;default&#8220; hover_enabled=&#8220;0&#8243; sticky_enabled=&#8220;0&#8243;]<\/p>\n<h1 class=\"entry-title main_title\">Datenschutzerkl\u00e4rung (EU)<\/h1>\n<div class=\"entry-content\">\n<div id=\"cmplz-document\" class=\"cmplz-document privacy-statement\">\n<p><i>Diese Datenschutzerkl\u00e4rung wurde zuletzt im November 2022 aktualisiert. Sie richtet sich an B\u00fcrgerinnen und B\u00fcrger der Europ\u00e4ischen Union.<\/i><\/p>\n<p>&nbsp;<\/p>\n<p>In dieser Datenschutzerkl\u00e4rung erkl\u00e4re ich, was ich mit den Daten, die ich \u00fcber Sie bei Ihrem Besuch der Website klaudiadietewich.de\u00a0gesammelt haben, tue. Ich empfehlen Ihnen, dieses Dokument sorgf\u00e4ltig zu lesen. Die Datenverarbeitung erfolgt nach den gesetzlichen Anforderungen der DSGVO. Dies bedeutet unter anderem:<\/p>\n<ul>\n<li>Ich gebe klar die Zwecke f\u00fcr die ich pers\u00f6nliche Daten verarbeiten, an. Dies geschieht durch diese Datenschutzerkl\u00e4rung.<\/li>\n<li>Ich zielen darauf ab, meine Sammlung von pers\u00f6nlichen Daten auf jene pers\u00f6nliche Daten zu beschr\u00e4nken, die aus legitimen Gr\u00fcnden ben\u00f6tigt werden.<\/li>\n<li>Ich werde zun\u00e4chst Ihr explizites Einverst\u00e4ndnis einholen, wenn dies notwendig sein sollte, um Ihre pers\u00f6nlichen Daten zu verarbeiten.<\/li>\n<li>Ich unternehme angemessene Sicherheitsma\u00dfnahmen, um Ihre pers\u00f6nlichen Daten zu sch\u00fctzen und verlange dies ebenso von Parteien, die pers\u00f6nliche Daten in unserem Auftrag verarbeiten.<\/li>\n<li>Ich respektiere Ihr Recht auf Einsichtnahme, Berichtigung oder L\u00f6schung Ihrer personenbezogenen Daten.<\/li>\n<\/ul>\n<p>Wenn Sie Fragen habnen oder wissen m\u00f6chten, welche pers\u00f6nlichen Daten wir \u00fcber Sie haben, kontaktieren Sie uns bitte.<\/p>\n<h2>1. Zweck, Daten und Aufbewahrungsfrist<\/h2>\n<p><span>Ich k\u00f6nnen personenbezogene Daten f\u00fcr eine Reihe von Zwecken im Zusammenhang mitmeier Gesch\u00e4ftst\u00e4tigkeit sammeln oder erhalten, darunter die folgenden:<\/span><\/p>\n<h4><span>Um auf Aktivit\u00e4ten \u00fcber meine Gesch\u00e4ftst\u00e4tigkeit hinweisen zu k\u00f6nnen verfassen ich Rundschreiben.\u00a0<\/span><\/h4>\n<p><span><\/span>Zu diesem Zweck verwende ich die folgenden Daten:<\/p>\n<ul>\n<li>Name, Adresse und Ort<\/li>\n<li>E-Mail-Adresse<\/li>\n<\/ul>\n<p class=\"cmplz-subtitle\">Die Grundlage, auf der wir diese Daten verarbeiten k\u00f6nnen, ist die Erteilung Ihrer Zustimmung zum Zeitpunkt der Datenerfassung.<br \/>Aufbewahrungsfrist:\u00a0Ich speichere diese Daten bis zur Beendigung des Dienstes oder bis zur von Ihnen beauftragten L\u00f6schung derselben.<\/p>\n<h4 class=\"cmplz-subtitle\">Ich speichere Ihre Daten zur\u00a0Erstellung und Analyse von Statistiken zur Verbesserung der Funktionalit\u00e4t der Website.<\/h4>\n<p>&nbsp;<\/p>\n<p class=\"cmplz-subtitle\">Zu diesem Zweck verwende ich die folgenden Daten:<\/p>\n<ul>\n<li>IP-Adresse<\/li>\n<\/ul>\n<p class=\"cmplz-subtitle\">Die Grundlage, auf de ich diese Daten verarbeiten kann, ist die Erteilung Ihrer Zustimmung bei der Aktivierung der zum Betrieb der WebSite erforderlichen Cookies.<br \/>Aufbewahrungsfrist:\u00a0Ich speichere diese Daten bis zur Beendigung des Dienstes oder bis zur von Ihnen beauftragten L\u00f6schung derselben.<\/p>\n<h2>2. Weitergabe an andere Parteien<\/h2>\n<p class=\"cmplz-subtitle\"><span>Ich geben Ihre personenbezogenen Daten nicht an Dritte weiter. Lediglich Ihre IP-Adresse kann zur Verbesserung der Funktionalit\u00e4t der WebSite durch externe Anbieter verwendet werden.\u00a0<\/span><\/p>\n<p class=\"cmplz-subtitle\"><span>Die Grundlage, auf der wir diese Daten verarbeiten k\u00f6nnen, ist die Erteilung Ihrer Zustimmung bei der Aktivierung der zum Betrieb der WebSite erforderlichen Cookies.<\/span><\/p>\n<h2>3. Cookies<\/h2>\n<p>Meine Website benutzt Cookies. F\u00fcr mehr Informationen \u00fcber Cookies schaue bitte unter unseren <strong><a href=\"https:\/\/ofit-tsv.de\/cookie-richtlinie-eu-2\/\">Cookie-Richtlinien<\/a><\/strong> nach.<\/p>\n<h2>4. Sicherheit<\/h2>\n<p>Ich bin der Sicherheit pers\u00f6nlicher Daten verpflichtet. Ich unternehme angemessene Sicherheitsma\u00dfnahmen, um Missbrauch von und unauthorisierten Zugriff auf pers\u00f6nliche Daten zu begrenzen. Dies stellt sicher, dass nur notwendige Personen Zugriff auf deine Daten erhalten, dieser Zugriff gesch\u00fctzt ist und dass unsere Sicherheitsma\u00dfnahmen regelm\u00e4\u00dfig gepr\u00fcft werden.<\/p>\n<h2>5. Websites von Drittanbietern<\/h2>\n<p>Diese Datenschutzerkl\u00e4rung gilt nicht f\u00fcr Websites von Drittparteien, die durch Links auf unserer Website verbunden sind. Ich kann nicht garantieren, dass diese Drittanbieter Ihre pers\u00f6nlichen Daten in verl\u00e4sslicher oder sicherer Weise behandeln. Ich empfehle Ihnen die Datenschutzerkl\u00e4rungen dieser Websites vor deren Nutzung zu lesen.<\/p>\n<h2>6. Erg\u00e4nzungen zu dieser Datenschutzerkl\u00e4rung<\/h2>\n<p>Ich behalte mir das Recht vor, \u00c4nderungen an dieser Datenschutzerkl\u00e4rung vorzunehmen. Es wird empfohlen, diese Datenschutzerkl\u00e4rung regelm\u00e4\u00dfig zu lesen, um sich \u00fcber \u00c4nderungen zu informieren. Dar\u00fcber hinaus informieren wir dich wo immer m\u00f6glich.<\/p>\n<h2>7. Zugriff und Bearbeitung Ihrer Daten<\/h2>\n<p>Wenn Sie Fragen haben oder wissen m\u00f6chten, welche pers\u00f6nlichen Daten wir \u00fcber Sioe haben, kontaktieren Sie mich bitte. Sie kk\u00f6nnen uns mittels der unten stehenden Informationen erreichen. Sie haben die folgenden Rechte:<\/p>\n<ul>\n<li>Sie haben das Recht zu wissen, warum Ihre pers\u00f6nlichen Daten gebraucht werden, was mit ihnen passiert und wie lange diese verwahrt werden.<\/li>\n<li>Zugriffsrecht: Sie haben das Recht, Ihre uns bekannten pers\u00f6nliche Daten einzusehen.<\/li>\n<li>Recht auf Berichtigung: Sie haben das Recht wann immer Sie w\u00fcnschen, Ihre pers\u00f6nlichen Daten zu erg\u00e4nzen, zu korrigieren sowie gel\u00f6scht oder blockiert zu bekommen.<\/li>\n<li>Wenn Sie mir Ihr Einverst\u00e4ndnis zur Verarbeitung Ihrer Daten gegeben haben, hast Sie das Recht dieses Einverst\u00e4ndnis zu widerrufen und Ihre pers\u00f6nlichen Daten l\u00f6schen zu lassen.<\/li>\n<li>Recht auf Datentransfer Ihrer Daten: Sie haben das Recht, alle Ihre pers\u00f6nlichen Daten von einem Verantwortlichen anzufordern und in ihrer Gesamtheit zu einem anderen Verantwortlichen zu transferieren.<\/li>\n<li>Widerspruchsrecht: Sie k\u00f6nnen der Verarbeitung Ihrer Daten widersprechen. Ich entsprechen dem, es sei denn es gibt berechtigte Gr\u00fcnde f\u00fcr die Verarbeitung.<\/li>\n<\/ul>\n<p>Bitte stellen Sie sicher, dass Sie immer klar angibeben, wer Sie sind , sodass ich sicher sein kkann nicht die Daten der falschen Person zu bearbeiten oder zu l\u00f6schen.<\/p>\n<h2>8. Eine Beschwerde \u00fcbermitteln<\/h2>\n<p>Wenn Sie nicht zufrieden mit der Art und Weise sind, in der ich (deine Beschwerde) die Verarbeitung Ihrer pers\u00f6nlichen Daten handhabe, haben Sie das Recht eine Beschwerde an die Datenschutzbeh\u00f6rde zu richten.<\/p>\n<h2>9. Google Fonts<\/h2>\n<p>Diese Seite nutzt zur einheitlichen Darstellung von Schriftarten Google Fonts. Google Fonts (fr\u00fcher Google Web Fonts) ist eine interaktive Sammlung von \u00fcber 1300 Schriftarten, welche von Google zur freien Verwendung Unternehmen zur Verf\u00fcgung gestellt wird. Beim Aufruf einer Seite l\u00e4dt Ihr Browser die ben\u00f6tigten Fonts in ihren Browsercache, um Texte und Schriftarten korrekt anzuzeigen. Wir verarbeiten im Rahmen von Google Fonts keine personenbezogenen Daten. Es kann nicht ausgeschlossen werden, dass Google Irland im Rahmen des Prozesses weitere Daten verarbeitet, einen Personenbezug herstellt und an Google LLC (Standort: USA) schickt.\u2028Weitere Informationen zu Google Web Fonts finden Sie unter https:\/\/developers.google.com\/fonts\/faq und in der Datenschutzerkl\u00e4rung von Google: https:\/\/www.google.com\/policies\/privacy\/<\/p>\n<h2>10. Kontaktdaten<\/h2>\n<p><span>Klaudia Dietewich<\/span><br \/><span>Sprollstr. 54b <\/span><br \/><span>70597 Stuttgart <\/span><br \/><span>Telefon +49 (0) 711 724050<br \/>mail[at]klaudiadietewich.de<\/span><span><\/span><\/p>\n<\/div>\n<\/div>\n<p>[\/et_pb_text][\/et_pb_column][\/et_pb_row][\/et_pb_section]<\/p>\n","protected":false},"excerpt":{"rendered":"<p>Datenschutzerkl\u00e4rung (EU) Diese Datenschutzerkl\u00e4rung wurde zuletzt im November 2022 aktualisiert. Sie richtet sich an B\u00fcrgerinnen und B\u00fcrger der Europ\u00e4ischen Union. &nbsp; In dieser Datenschutzerkl\u00e4rung erkl\u00e4re ich, was ich mit den Daten, die ich \u00fcber Sie bei Ihrem Besuch der Website klaudiadietewich.de\u00a0gesammelt haben, tue. Ich empfehlen Ihnen, dieses Dokument sorgf\u00e4ltig zu lesen. Die Datenverarbeitung erfolgt nach [&hellip;]<\/p>\n","protected":false},"author":1,"featured_media":0,"parent":0,"menu_order":0,"comment_status":"closed","ping_status":"closed","template":"","meta":{"_et_pb_use_builder":"on","_et_pb_old_content":"<!-- wp:divi\/placeholder \/-->","_et_gb_content_width":"","footnotes":""},"class_list":["post-12","page","type-page","status-publish","hentry"],"_links":{"self":[{"href":"https:\/\/klaudiadietewich.de\/en\/wp-json\/wp\/v2\/pages\/12","targetHints":{"allow":["GET"]}}],"collection":[{"href":"https:\/\/klaudiadietewich.de\/en\/wp-json\/wp\/v2\/pages"}],"about":[{"href":"https:\/\/klaudiadietewich.de\/en\/wp-json\/wp\/v2\/types\/page"}],"author":[{"embeddable":true,"href":"https:\/\/klaudiadietewich.de\/en\/wp-json\/wp\/v2\/users\/1"}],"replies":[{"embeddable":true,"href":"https:\/\/klaudiadietewich.de\/en\/wp-json\/wp\/v2\/comments?post=12"}],"version-history":[{"count":6,"href":"https:\/\/klaudiadietewich.de\/en\/wp-json\/wp\/v2\/pages\/12\/revisions"}],"predecessor-version":[{"id":149,"href":"https:\/\/klaudiadietewich.de\/en\/wp-json\/wp\/v2\/pages\/12\/revisions\/149"}],"wp:attachment":[{"href":"https:\/\/klaudiadietewich.de\/en\/wp-json\/wp\/v2\/media?parent=12"}],"curies":[{"name":"wp","href":"https:\/\/api.w.org\/{rel}","templated":true}]}}