{"id":1522,"date":"2023-01-23T15:56:41","date_gmt":"2023-01-23T14:56:41","guid":{"rendered":"http:\/\/neu.klaudiadietewich.de\/?page_id=1522"},"modified":"2023-01-23T17:26:14","modified_gmt":"2023-01-23T16:26:14","slug":"klaudia-dietewich-faeroeer-islands","status":"publish","type":"page","link":"https:\/\/klaudiadietewich.de\/en\/klaudia-dietewich-faeroeer-islands\/","title":{"rendered":"Klaudia Dietewich F\u00e4r\u00f6er Islands"},"content":{"rendered":"<p>[et_pb_section fb_built=&#8220;1&#8243; _builder_version=&#8220;4.19.4&#8243; _module_preset=&#8220;default&#8220; background_color=&#8220;#e2e0de&#8220; global_colors_info=&#8220;{}&#8220;][et_pb_row _builder_version=&#8220;4.19.0&#8243; _module_preset=&#8220;default&#8220; locked=&#8220;off&#8220; global_colors_info=&#8220;{}&#8220;][et_pb_column type=&#8220;4_4&#8243; _builder_version=&#8220;4.19.0&#8243; _module_preset=&#8220;default&#8220; global_colors_info=&#8220;{}&#8220;][et_pb_text _builder_version=&#8220;4.19.4&#8243; _module_preset=&#8220;default&#8220; global_colors_info=&#8220;{}&#8220;]<\/p>\n<h1><span>F\u00e4r\u00f6er Islands<\/span><\/h1>\n<p>[\/et_pb_text][et_pb_divider _builder_version=&#8220;4.19.0&#8243; _module_preset=&#8220;default&#8220; global_colors_info=&#8220;{}&#8220;][\/et_pb_divider][\/et_pb_column][\/et_pb_row][et_pb_row column_structure=&#8220;1_2,1_2&#8243; _builder_version=&#8220;4.19.0&#8243; _module_preset=&#8220;default&#8220; locked=&#8220;off&#8220; global_colors_info=&#8220;{}&#8220;][et_pb_column type=&#8220;1_2&#8243; _builder_version=&#8220;4.19.0&#8243; _module_preset=&#8220;default&#8220; global_colors_info=&#8220;{}&#8220;][et_pb_image src=&#8220;http:\/\/neu.klaudiadietewich.de\/wp-content\/uploads\/2023\/01\/Klaudia-Dietewich-Kuenstlerin-Faeroeer-Islands-Torshavn-R.C.-Eversoes-Gota-1-27.7.2015-WEB.jpg&#8220; title_text=&#8220;Klaudia Dietewich K\u00fcnstlerin F\u00e4r\u00f6er Islands, Torshavn, R.C. Evers\u00f8es G\u00f8ta, 1, 27.7.2015 WEB&#8220; show_in_lightbox=&#8220;on&#8220; _builder_version=&#8220;4.19.4&#8243; _module_preset=&#8220;default&#8220; hover_enabled=&#8220;0&#8243; global_colors_info=&#8220;{}&#8220; sticky_enabled=&#8220;0&#8243;][\/et_pb_image][et_pb_text _builder_version=&#8220;4.19.4&#8243; _module_preset=&#8220;default&#8220; hover_enabled=&#8220;0&#8243; global_colors_info=&#8220;{}&#8220; sticky_enabled=&#8220;0&#8243;]<\/p>\n<p>Klaudia Dietewich \u201eF\u00e4r\u00f6er Islands, Torshavn, R. C. Evers\u00f8es G\u00f8ta<br \/>27. 7. 2015 (1)\u201c<\/p>\n<p>[\/et_pb_text][et_pb_image src=&#8220;http:\/\/neu.klaudiadietewich.de\/wp-content\/uploads\/2023\/01\/Klaudia-Dietewich-Kuenstlerin-Faeroeer-Islands-Torshavn-R.C.-Eversoes-Gota-3-27.7.2015-WEB.jpg&#8220; title_text=&#8220;Klaudia Dietewich K\u00fcnstlerin F\u00e4r\u00f6er Islands, Torshavn, R.C. Evers\u00f8es G\u00f8ta, 3, 27.7.2015 WEB&#8220; show_in_lightbox=&#8220;on&#8220; _builder_version=&#8220;4.19.4&#8243; _module_preset=&#8220;default&#8220; hover_enabled=&#8220;0&#8243; global_colors_info=&#8220;{}&#8220; sticky_enabled=&#8220;0&#8243;][\/et_pb_image][et_pb_text _builder_version=&#8220;4.19.4&#8243; _module_preset=&#8220;default&#8220; hover_enabled=&#8220;0&#8243; global_colors_info=&#8220;{}&#8220; sticky_enabled=&#8220;0&#8243;]<\/p>\n<p>Klaudia Dietewich \u201eF\u00e4r\u00f6er Islands, Torshavn, R. C. Evers\u00f8es G\u00f8ta<br \/>27. 7. 2015 (3)\u201c<\/p>\n<p>[\/et_pb_text][\/et_pb_column][et_pb_column type=&#8220;1_2&#8243; _builder_version=&#8220;4.19.0&#8243; _module_preset=&#8220;default&#8220; global_colors_info=&#8220;{}&#8220;][et_pb_image src=&#8220;http:\/\/neu.klaudiadietewich.de\/wp-content\/uploads\/2023\/01\/Klaudia-Dietewich-Kuenstlerin-Faeroeer-Islands-Torshavn-R.C.-Eversoes-Gota-2-27.7.2015-WEB.jpg&#8220; title_text=&#8220;Klaudia Dietewich K\u00fcnstlerin F\u00e4r\u00f6er Islands, Torshavn, R.C. Evers\u00f8es G\u00f8ta, 2, 27.7.2015 WEB&#8220; show_in_lightbox=&#8220;on&#8220; _builder_version=&#8220;4.19.4&#8243; _module_preset=&#8220;default&#8220; hover_enabled=&#8220;0&#8243; global_colors_info=&#8220;{}&#8220; sticky_enabled=&#8220;0&#8243;][\/et_pb_image][et_pb_text _builder_version=&#8220;4.19.4&#8243; _module_preset=&#8220;default&#8220; hover_enabled=&#8220;0&#8243; global_colors_info=&#8220;{}&#8220; sticky_enabled=&#8220;0&#8243;]<\/p>\n<p>Klaudia Dietewich \u201eF\u00e4r\u00f6er Islands, Torshavn, R. C. Evers\u00f8es G\u00f8ta<br \/>27. 7. 2015 (2)\u201c<\/p>\n<p>[\/et_pb_text][et_pb_image src=&#8220;http:\/\/neu.klaudiadietewich.de\/wp-content\/uploads\/2023\/01\/Klaudia-Dietewich-Kuenstlerin-Faeroeer-Islands-Torshavn-R.C.-Eversoes-Gota-4-27.7.2015-WEB.jpg&#8220; title_text=&#8220;Klaudia Dietewich K\u00fcnstlerin F\u00e4r\u00f6er Islands, Torshavn, R.C. Evers\u00f8es G\u00f8ta, 4, 27.7.2015 WEB&#8220; show_in_lightbox=&#8220;on&#8220; _builder_version=&#8220;4.19.4&#8243; _module_preset=&#8220;default&#8220; hover_enabled=&#8220;0&#8243; global_colors_info=&#8220;{}&#8220; sticky_enabled=&#8220;0&#8243;][\/et_pb_image][et_pb_text _builder_version=&#8220;4.19.4&#8243; _module_preset=&#8220;default&#8220; hover_enabled=&#8220;0&#8243; global_colors_info=&#8220;{}&#8220; sticky_enabled=&#8220;0&#8243;]<\/p>\n<p>Klaudia Dietewich \u201eF\u00e4r\u00f6er Islands, Torshavn, R. C. Evers\u00f8es G\u00f8ta<br \/>27. 7. 2015 (4)\u201c<\/p>\n<p>[\/et_pb_text][\/et_pb_column][\/et_pb_row][et_pb_row column_structure=&#8220;1_2,1_2&#8243; _builder_version=&#8220;4.19.0&#8243; _module_preset=&#8220;default&#8220; locked=&#8220;off&#8220; global_colors_info=&#8220;{}&#8220;][et_pb_column type=&#8220;1_2&#8243; _builder_version=&#8220;4.19.0&#8243; _module_preset=&#8220;default&#8220; global_colors_info=&#8220;{}&#8220;][et_pb_image src=&#8220;http:\/\/neu.klaudiadietewich.de\/wp-content\/uploads\/2023\/01\/Klaudia-Dietewich-Kuenstlerin-Faeroeer-Islands-Torshavn-R.C.-Eversoes-Gota-5-27.7.2015-WEB.jpg&#8220; title_text=&#8220;Klaudia Dietewich K\u00fcnstlerin F\u00e4r\u00f6er Islands, Torshavn, R.C. Evers\u00f8es G\u00f8ta, 5, 27.7.2015 WEB&#8220; show_in_lightbox=&#8220;on&#8220; _builder_version=&#8220;4.19.4&#8243; _module_preset=&#8220;default&#8220; hover_enabled=&#8220;0&#8243; global_colors_info=&#8220;{}&#8220; sticky_enabled=&#8220;0&#8243;][\/et_pb_image][et_pb_text _builder_version=&#8220;4.19.4&#8243; _module_preset=&#8220;default&#8220; hover_enabled=&#8220;0&#8243; global_colors_info=&#8220;{}&#8220; sticky_enabled=&#8220;0&#8243;]<\/p>\n<p>Klaudia Dietewich \u201eF\u00e4r\u00f6er Islands, Torshavn, R. C. Evers\u00f8es G\u00f8ta<br \/>27. 7. 2015 (5)\u201c<\/p>\n<p>[\/et_pb_text][\/et_pb_column][et_pb_column type=&#8220;1_2&#8243; _builder_version=&#8220;4.19.0&#8243; _module_preset=&#8220;default&#8220; global_colors_info=&#8220;{}&#8220;][et_pb_image src=&#8220;http:\/\/neu.klaudiadietewich.de\/wp-content\/uploads\/2023\/01\/Klaudia-Dietewich-Kuenstlerin-Faeroeer-Islands-Torshavn-R.C.-Eversoes-Gota-6-27.7.2015-WEB.jpg&#8220; title_text=&#8220;Klaudia Dietewich K\u00fcnstlerin F\u00e4r\u00f6er Islands, Torshavn, R.C. Evers\u00f8es G\u00f8ta, 6, 27.7.2015 WEB&#8220; show_in_lightbox=&#8220;on&#8220; _builder_version=&#8220;4.19.4&#8243; _module_preset=&#8220;default&#8220; hover_enabled=&#8220;0&#8243; global_colors_info=&#8220;{}&#8220; sticky_enabled=&#8220;0&#8243;][\/et_pb_image][et_pb_text _builder_version=&#8220;4.19.4&#8243; _module_preset=&#8220;default&#8220; hover_enabled=&#8220;0&#8243; global_colors_info=&#8220;{}&#8220; sticky_enabled=&#8220;0&#8243;]<\/p>\n<p>Klaudia Dietewich \u201eF\u00e4r\u00f6er Islands, Torshavn, R. C. Evers\u00f8es G\u00f8ta<br \/>27. 7. 2015 (6)\u201c<\/p>\n<p>[\/et_pb_text][\/et_pb_column][\/et_pb_row][\/et_pb_section]<\/p>\n","protected":false},"excerpt":{"rendered":"<p>F\u00e4r\u00f6er IslandsKlaudia Dietewich \u201eF\u00e4r\u00f6er Islands, Torshavn, R. C. Evers\u00f8es G\u00f8ta27. 7. 2015 (1)\u201cKlaudia Dietewich \u201eF\u00e4r\u00f6er Islands, Torshavn, R. C. Evers\u00f8es G\u00f8ta27. 7. 2015 (3)\u201cKlaudia Dietewich \u201eF\u00e4r\u00f6er Islands, Torshavn, R. C. Evers\u00f8es G\u00f8ta27. 7. 2015 (2)\u201cKlaudia Dietewich \u201eF\u00e4r\u00f6er Islands, Torshavn, R. C. Evers\u00f8es G\u00f8ta27. 7. 2015 (4)\u201cKlaudia Dietewich \u201eF\u00e4r\u00f6er Islands, Torshavn, R. C. Evers\u00f8es G\u00f8ta27. 7. [&hellip;]<\/p>\n","protected":false},"author":1,"featured_media":0,"parent":0,"menu_order":0,"comment_status":"closed","ping_status":"closed","template":"","meta":{"_et_pb_use_builder":"on","_et_pb_old_content":"","_et_gb_content_width":"","footnotes":""},"class_list":["post-1522","page","type-page","status-publish","hentry"],"_links":{"self":[{"href":"https:\/\/klaudiadietewich.de\/en\/wp-json\/wp\/v2\/pages\/1522","targetHints":{"allow":["GET"]}}],"collection":[{"href":"https:\/\/klaudiadietewich.de\/en\/wp-json\/wp\/v2\/pages"}],"about":[{"href":"https:\/\/klaudiadietewich.de\/en\/wp-json\/wp\/v2\/types\/page"}],"author":[{"embeddable":true,"href":"https:\/\/klaudiadietewich.de\/en\/wp-json\/wp\/v2\/users\/1"}],"replies":[{"embeddable":true,"href":"https:\/\/klaudiadietewich.de\/en\/wp-json\/wp\/v2\/comments?post=1522"}],"version-history":[{"count":7,"href":"https:\/\/klaudiadietewich.de\/en\/wp-json\/wp\/v2\/pages\/1522\/revisions"}],"predecessor-version":[{"id":1672,"href":"https:\/\/klaudiadietewich.de\/en\/wp-json\/wp\/v2\/pages\/1522\/revisions\/1672"}],"wp:attachment":[{"href":"https:\/\/klaudiadietewich.de\/en\/wp-json\/wp\/v2\/media?parent=1522"}],"curies":[{"name":"wp","href":"https:\/\/api.w.org\/{rel}","templated":true}]}}