{"id":1532,"date":"2023-01-23T16:00:42","date_gmt":"2023-01-23T15:00:42","guid":{"rendered":"http:\/\/neu.klaudiadietewich.de\/?page_id=1532"},"modified":"2023-01-23T17:20:19","modified_gmt":"2023-01-23T16:20:19","slug":"klaudia-dietewich-berlin-uebergaenge","status":"publish","type":"page","link":"https:\/\/klaudiadietewich.de\/en\/klaudia-dietewich-berlin-uebergaenge\/","title":{"rendered":"Klaudia Dietewich Berlin \u00dcberg\u00e4nge"},"content":{"rendered":"<p>[et_pb_section fb_built=&#8220;1&#8243; _builder_version=&#8220;4.19.4&#8243; _module_preset=&#8220;default&#8220; background_color=&#8220;#e2e0de&#8220; global_colors_info=&#8220;{}&#8220;][et_pb_row _builder_version=&#8220;4.19.0&#8243; _module_preset=&#8220;default&#8220; locked=&#8220;off&#8220; global_colors_info=&#8220;{}&#8220;][et_pb_column type=&#8220;4_4&#8243; _builder_version=&#8220;4.19.0&#8243; _module_preset=&#8220;default&#8220; global_colors_info=&#8220;{}&#8220;][et_pb_text _builder_version=&#8220;4.19.4&#8243; _module_preset=&#8220;default&#8220; hover_enabled=&#8220;0&#8243; global_colors_info=&#8220;{}&#8220; sticky_enabled=&#8220;0&#8243;]<\/p>\n<h1><span>Berlin \u00dcberg\u00e4nge<\/span><\/h1>\n<p>[\/et_pb_text][et_pb_divider _builder_version=&#8220;4.19.0&#8243; _module_preset=&#8220;default&#8220; global_colors_info=&#8220;{}&#8220;][\/et_pb_divider][\/et_pb_column][\/et_pb_row][et_pb_row column_structure=&#8220;1_2,1_2&#8243; _builder_version=&#8220;4.19.0&#8243; _module_preset=&#8220;default&#8220; locked=&#8220;off&#8220; global_colors_info=&#8220;{}&#8220;][et_pb_column type=&#8220;1_2&#8243; _builder_version=&#8220;4.19.0&#8243; _module_preset=&#8220;default&#8220; global_colors_info=&#8220;{}&#8220;][et_pb_image src=&#8220;http:\/\/neu.klaudiadietewich.de\/wp-content\/uploads\/2023\/01\/Klaudia-Dietewich-Kuenstlerin-Uebergang-1-Berlin-Bornholmer-Strasse-20.7.2010WEB.jpg&#8220; title_text=&#8220;Klaudia Dietewich K\u00fcnstlerin \u00dcbergang 1, Berlin, Bornholmer Stra\u00dfe, 20.7.2010WEB&#8220; show_in_lightbox=&#8220;on&#8220; _builder_version=&#8220;4.19.4&#8243; _module_preset=&#8220;default&#8220; hover_enabled=&#8220;0&#8243; global_colors_info=&#8220;{}&#8220; sticky_enabled=&#8220;0&#8243;][\/et_pb_image][et_pb_text _builder_version=&#8220;4.19.4&#8243; _module_preset=&#8220;default&#8220; hover_enabled=&#8220;0&#8243; global_colors_info=&#8220;{}&#8220; sticky_enabled=&#8220;0&#8243;]<\/p>\n<p>Klaudia Dietewich \u201e\u00dcbergang 1, Berlin, Bornholmer Stra\u00dfe, 20. 7. 2010\u201c<\/p>\n<p>[\/et_pb_text][et_pb_image src=&#8220;http:\/\/neu.klaudiadietewich.de\/wp-content\/uploads\/2023\/01\/Klaudia-Dietewich-Kuenstlerin-Uebergang-3-Berlin-Invalidenstrasse-20.7.2010WEB.jpg&#8220; title_text=&#8220;Klaudia Dietewich K\u00fcnstlerin \u00dcbergang 3, Berlin, Invalidenstra\u00dfe, 20.7.2010WEB&#8220; show_in_lightbox=&#8220;on&#8220; _builder_version=&#8220;4.19.4&#8243; _module_preset=&#8220;default&#8220; hover_enabled=&#8220;0&#8243; global_colors_info=&#8220;{}&#8220; sticky_enabled=&#8220;0&#8243;][\/et_pb_image][et_pb_text _builder_version=&#8220;4.19.4&#8243; _module_preset=&#8220;default&#8220; hover_enabled=&#8220;0&#8243; global_colors_info=&#8220;{}&#8220; sticky_enabled=&#8220;0&#8243;]<\/p>\n<p>Klaudia Dietewich \u201e\u00dcbergang 3, Berlin, Invalidenstra\u00dfe, 20. 7. 2010\u201c<\/p>\n<p>[\/et_pb_text][\/et_pb_column][et_pb_column type=&#8220;1_2&#8243; _builder_version=&#8220;4.19.0&#8243; _module_preset=&#8220;default&#8220; global_colors_info=&#8220;{}&#8220;][et_pb_image src=&#8220;http:\/\/neu.klaudiadietewich.de\/wp-content\/uploads\/2023\/01\/Klaudia-Dietewich-Kuenstlerin-Uebergang-2-Berlin-Chausseestrasse-20.7.2010WEB.jpg&#8220; title_text=&#8220;Klaudia Dietewich K\u00fcnstlerin \u00dcbergang 2, Berlin, Chausseestra\u00dfe, 20.7.2010WEB&#8220; show_in_lightbox=&#8220;on&#8220; _builder_version=&#8220;4.19.4&#8243; _module_preset=&#8220;default&#8220; hover_enabled=&#8220;0&#8243; global_colors_info=&#8220;{}&#8220; sticky_enabled=&#8220;0&#8243;][\/et_pb_image][et_pb_text _builder_version=&#8220;4.19.4&#8243; _module_preset=&#8220;default&#8220; hover_enabled=&#8220;0&#8243; global_colors_info=&#8220;{}&#8220; sticky_enabled=&#8220;0&#8243;]<\/p>\n<p>Klaudia Dietewich \u201e\u00dcbergang 2, Berlin, Chausseestra\u00dfe, 20. 7. 2010\u201c<\/p>\n<p>[\/et_pb_text][et_pb_image src=&#8220;http:\/\/neu.klaudiadietewich.de\/wp-content\/uploads\/2023\/01\/Klaudia-Dietewich-Kuenstlerin-Uebergang-4-Berlin-Friedrichstrasse-20.7.2010WEB.jpg&#8220; title_text=&#8220;Klaudia Dietewich K\u00fcnstlerin \u00dcbergang 4, Berlin, Friedrichstra\u00dfe, 20.7.2010WEB&#8220; show_in_lightbox=&#8220;on&#8220; _builder_version=&#8220;4.19.4&#8243; _module_preset=&#8220;default&#8220; hover_enabled=&#8220;0&#8243; global_colors_info=&#8220;{}&#8220; sticky_enabled=&#8220;0&#8243;][\/et_pb_image][et_pb_text _builder_version=&#8220;4.19.4&#8243; _module_preset=&#8220;default&#8220; hover_enabled=&#8220;0&#8243; global_colors_info=&#8220;{}&#8220; sticky_enabled=&#8220;0&#8243;]<\/p>\n<p>Klaudia Dietewich \u201e\u00dcbergang 4, Berlin, Friedrichstra\u00dfe, 20. 7. 2010\u201c<\/p>\n<p>[\/et_pb_text][\/et_pb_column][\/et_pb_row][et_pb_row column_structure=&#8220;1_2,1_2&#8243; _builder_version=&#8220;4.19.0&#8243; _module_preset=&#8220;default&#8220; locked=&#8220;off&#8220; global_colors_info=&#8220;{}&#8220;][et_pb_column type=&#8220;1_2&#8243; _builder_version=&#8220;4.19.0&#8243; _module_preset=&#8220;default&#8220; global_colors_info=&#8220;{}&#8220;][et_pb_image src=&#8220;http:\/\/neu.klaudiadietewich.de\/wp-content\/uploads\/2023\/01\/Klaudia-Dietewich-Kuenstlerin-Uebergang-5-Berlin-Heinrich-Heine-Strasse-20.7.2010WEB.jpg&#8220; title_text=&#8220;Klaudia Dietewich K\u00fcnstlerin \u00dcbergang 5, Berlin, Heinrich-Heine-Stra\u00dfe, 20.7.2010WEB&#8220; show_in_lightbox=&#8220;on&#8220; _builder_version=&#8220;4.19.4&#8243; _module_preset=&#8220;default&#8220; hover_enabled=&#8220;0&#8243; global_colors_info=&#8220;{}&#8220; sticky_enabled=&#8220;0&#8243;][\/et_pb_image][et_pb_text _builder_version=&#8220;4.19.4&#8243; _module_preset=&#8220;default&#8220; hover_enabled=&#8220;0&#8243; global_colors_info=&#8220;{}&#8220; sticky_enabled=&#8220;0&#8243;]<\/p>\n<p>Klaudia Dietewich \u201e\u00dcbergang 5, Berlin, Heinrich-Heine-Stra\u00dfe, 20. 7. 2010\u201c<\/p>\n<p>[\/et_pb_text][et_pb_image src=&#8220;http:\/\/neu.klaudiadietewich.de\/wp-content\/uploads\/2023\/01\/Klaudia-Dietewich-Kuenstlerin-Uebergang-7-Berlin-Sonnenallee-20.7.2010WEB.jpg&#8220; title_text=&#8220;Klaudia Dietewich K\u00fcnstlerin \u00dcbergang 7, Berlin, Sonnenallee, 20.7.2010WEB&#8220; show_in_lightbox=&#8220;on&#8220; _builder_version=&#8220;4.19.4&#8243; _module_preset=&#8220;default&#8220; hover_enabled=&#8220;0&#8243; global_colors_info=&#8220;{}&#8220; sticky_enabled=&#8220;0&#8243;][\/et_pb_image][et_pb_text _builder_version=&#8220;4.19.4&#8243; _module_preset=&#8220;default&#8220; hover_enabled=&#8220;0&#8243; global_colors_info=&#8220;{}&#8220; sticky_enabled=&#8220;0&#8243;]<\/p>\n<p>Klaudia Dietewich \u201e\u00dcbergang 7, Berlin, Sonnenallee, 20. 7. 2010\u201c<\/p>\n<p>[\/et_pb_text][\/et_pb_column][et_pb_column type=&#8220;1_2&#8243; _builder_version=&#8220;4.19.0&#8243; _module_preset=&#8220;default&#8220; global_colors_info=&#8220;{}&#8220;][et_pb_image src=&#8220;http:\/\/neu.klaudiadietewich.de\/wp-content\/uploads\/2023\/01\/Klaudia-Dietewich-Kuenstlerin-Uebergang-6-Berlin-Oberbaumbruecke-20.7.2010WEB.jpg&#8220; title_text=&#8220;Klaudia Dietewich K\u00fcnstlerin \u00dcbergang 6, Berlin, Oberbaumbr\u00fccke, 20.7.2010WEB&#8220; show_in_lightbox=&#8220;on&#8220; _builder_version=&#8220;4.19.4&#8243; _module_preset=&#8220;default&#8220; hover_enabled=&#8220;0&#8243; global_colors_info=&#8220;{}&#8220; sticky_enabled=&#8220;0&#8243;][\/et_pb_image][et_pb_text _builder_version=&#8220;4.19.4&#8243; _module_preset=&#8220;default&#8220; hover_enabled=&#8220;0&#8243; global_colors_info=&#8220;{}&#8220; sticky_enabled=&#8220;0&#8243;]<\/p>\n<p>Klaudia Dietewich \u201e\u00dcbergang 6, Berlin, Oberbaumbr\u00fccke, 20. 7. 2010\u201c<\/p>\n<p>[\/et_pb_text][\/et_pb_column][\/et_pb_row][\/et_pb_section]<\/p>\n","protected":false},"excerpt":{"rendered":"<p>Berlin \u00dcberg\u00e4ngeKlaudia Dietewich \u201e\u00dcbergang 1, Berlin, Bornholmer Stra\u00dfe, 20. 7. 2010\u201cKlaudia Dietewich \u201e\u00dcbergang 3, Berlin, Invalidenstra\u00dfe, 20. 7. 2010\u201cKlaudia Dietewich \u201e\u00dcbergang 2, Berlin, Chausseestra\u00dfe, 20. 7. 2010\u201cKlaudia Dietewich \u201e\u00dcbergang 4, Berlin, Friedrichstra\u00dfe, 20. 7. 2010\u201cKlaudia Dietewich \u201e\u00dcbergang 5, Berlin, Heinrich-Heine-Stra\u00dfe, 20. 7. 2010\u201cKlaudia Dietewich \u201e\u00dcbergang 7, Berlin, Sonnenallee, 20. 7. 2010\u201cKlaudia Dietewich \u201e\u00dcbergang 6, Berlin, [&hellip;]<\/p>\n","protected":false},"author":1,"featured_media":0,"parent":0,"menu_order":0,"comment_status":"closed","ping_status":"closed","template":"","meta":{"_et_pb_use_builder":"on","_et_pb_old_content":"","_et_gb_content_width":"","footnotes":""},"class_list":["post-1532","page","type-page","status-publish","hentry"],"_links":{"self":[{"href":"https:\/\/klaudiadietewich.de\/en\/wp-json\/wp\/v2\/pages\/1532","targetHints":{"allow":["GET"]}}],"collection":[{"href":"https:\/\/klaudiadietewich.de\/en\/wp-json\/wp\/v2\/pages"}],"about":[{"href":"https:\/\/klaudiadietewich.de\/en\/wp-json\/wp\/v2\/types\/page"}],"author":[{"embeddable":true,"href":"https:\/\/klaudiadietewich.de\/en\/wp-json\/wp\/v2\/users\/1"}],"replies":[{"embeddable":true,"href":"https:\/\/klaudiadietewich.de\/en\/wp-json\/wp\/v2\/comments?post=1532"}],"version-history":[{"count":3,"href":"https:\/\/klaudiadietewich.de\/en\/wp-json\/wp\/v2\/pages\/1532\/revisions"}],"predecessor-version":[{"id":1667,"href":"https:\/\/klaudiadietewich.de\/en\/wp-json\/wp\/v2\/pages\/1532\/revisions\/1667"}],"wp:attachment":[{"href":"https:\/\/klaudiadietewich.de\/en\/wp-json\/wp\/v2\/media?parent=1532"}],"curies":[{"name":"wp","href":"https:\/\/api.w.org\/{rel}","templated":true}]}}