{"id":1540,"date":"2023-01-23T16:03:01","date_gmt":"2023-01-23T15:03:01","guid":{"rendered":"http:\/\/neu.klaudiadietewich.de\/?page_id=1540"},"modified":"2023-01-24T12:16:07","modified_gmt":"2023-01-24T11:16:07","slug":"klaudia-dietewich-paris-quai-de-larcheveche","status":"publish","type":"page","link":"https:\/\/klaudiadietewich.de\/en\/klaudia-dietewich-paris-quai-de-larcheveche\/","title":{"rendered":"Klaudia Dietewich Paris &#8211; Quai de l\u2019Archev\u00each\u00e9"},"content":{"rendered":"<p>[et_pb_section fb_built=&#8220;1&#8243; _builder_version=&#8220;4.19.4&#8243; _module_preset=&#8220;default&#8220; background_color=&#8220;#e2e0de&#8220; global_colors_info=&#8220;{}&#8220;][et_pb_row _builder_version=&#8220;4.19.0&#8243; _module_preset=&#8220;default&#8220; locked=&#8220;off&#8220; global_colors_info=&#8220;{}&#8220;][et_pb_column type=&#8220;4_4&#8243; _builder_version=&#8220;4.19.0&#8243; _module_preset=&#8220;default&#8220; global_colors_info=&#8220;{}&#8220;][et_pb_text _builder_version=&#8220;4.19.4&#8243; _module_preset=&#8220;default&#8220; hover_enabled=&#8220;0&#8243; global_colors_info=&#8220;{}&#8220; sticky_enabled=&#8220;0&#8243;]<\/p>\n<h1>Paris Quai de l&#8217;Archev\u00e9ch\u00e9<\/h1>\n<p>[\/et_pb_text][et_pb_divider _builder_version=&#8220;4.19.0&#8243; _module_preset=&#8220;default&#8220; global_colors_info=&#8220;{}&#8220;][\/et_pb_divider][\/et_pb_column][\/et_pb_row][et_pb_row column_structure=&#8220;1_2,1_2&#8243; _builder_version=&#8220;4.19.0&#8243; _module_preset=&#8220;default&#8220; locked=&#8220;off&#8220; global_colors_info=&#8220;{}&#8220;][et_pb_column type=&#8220;1_2&#8243; _builder_version=&#8220;4.19.0&#8243; _module_preset=&#8220;default&#8220; global_colors_info=&#8220;{}&#8220;][et_pb_image src=&#8220;http:\/\/neu.klaudiadietewich.de\/wp-content\/uploads\/2023\/01\/Klaudia-Dietewich-Kuenstlerin-Paris-Quai-de-lArcheveche-1-16.11.2018-WEB.jpg&#8220; title_text=&#8220;Klaudia Dietewich K\u00fcnstlerin Paris, Quai de l&#8217;Archev\u00e9ch\u00e9, 1, 16.11.2018 WEB&#8220; show_in_lightbox=&#8220;on&#8220; _builder_version=&#8220;4.19.4&#8243; _module_preset=&#8220;default&#8220; hover_enabled=&#8220;0&#8243; global_colors_info=&#8220;{}&#8220; sticky_enabled=&#8220;0&#8243;][\/et_pb_image][et_pb_text _builder_version=&#8220;4.19.4&#8243; _module_preset=&#8220;default&#8220; hover_enabled=&#8220;0&#8243; global_colors_info=&#8220;{}&#8220; sticky_enabled=&#8220;0&#8243;]<\/p>\n<p>Klaudia Dietewich \u201eParis, Quai de l&#8217;Archev\u00e9ch\u00e9, \u00a016. 11. 2018 (1)\u201c<\/p>\n<p>[\/et_pb_text][et_pb_image src=&#8220;http:\/\/neu.klaudiadietewich.de\/wp-content\/uploads\/2023\/01\/Klaudia-Dietewich-Kuenstlerin-Paris-Quai-de-lArcheveche-3-16.11.2018-WEB.jpg&#8220; title_text=&#8220;Klaudia Dietewich K\u00fcnstlerin Paris, Quai de l&#8217;Archev\u00e9ch\u00e9, 3, 16.11.2018 WEB&#8220; show_in_lightbox=&#8220;on&#8220; _builder_version=&#8220;4.19.4&#8243; _module_preset=&#8220;default&#8220; hover_enabled=&#8220;0&#8243; global_colors_info=&#8220;{}&#8220; sticky_enabled=&#8220;0&#8243;][\/et_pb_image][et_pb_text _builder_version=&#8220;4.19.4&#8243; _module_preset=&#8220;default&#8220; hover_enabled=&#8220;0&#8243; global_colors_info=&#8220;{}&#8220; sticky_enabled=&#8220;0&#8243;]<\/p>\n<p>Klaudia Dietewich \u201eParis, Quai de l&#8217;Archev\u00e9ch\u00e9, \u00a016. 11. 2018 (3)\u201c<\/p>\n<p>[\/et_pb_text][\/et_pb_column][et_pb_column type=&#8220;1_2&#8243; _builder_version=&#8220;4.19.0&#8243; _module_preset=&#8220;default&#8220; global_colors_info=&#8220;{}&#8220;][et_pb_image src=&#8220;http:\/\/neu.klaudiadietewich.de\/wp-content\/uploads\/2023\/01\/Klaudia-Dietewich-Kuenstlerin-Paris-Quai-de-lArcheveche-2-16.11.2018-WEB.jpg&#8220; title_text=&#8220;Klaudia Dietewich K\u00fcnstlerin Paris, Quai de l&#8217;Archev\u00e9ch\u00e9, 2, 16.11.2018 WEB&#8220; show_in_lightbox=&#8220;on&#8220; _builder_version=&#8220;4.19.4&#8243; _module_preset=&#8220;default&#8220; hover_enabled=&#8220;0&#8243; global_colors_info=&#8220;{}&#8220; sticky_enabled=&#8220;0&#8243;][\/et_pb_image][et_pb_text _builder_version=&#8220;4.19.4&#8243; _module_preset=&#8220;default&#8220; hover_enabled=&#8220;0&#8243; global_colors_info=&#8220;{}&#8220; sticky_enabled=&#8220;0&#8243;]<\/p>\n<p>Klaudia Dietewich \u201eParis, Quai de l&#8217;Archev\u00e9ch\u00e9, \u00a016. 11. 2018 (2)\u201c<\/p>\n<p>[\/et_pb_text][et_pb_image src=&#8220;http:\/\/neu.klaudiadietewich.de\/wp-content\/uploads\/2023\/01\/Klaudia-Dietewich-Kuenstlerin-Paris-Quai-de-lArcheveche-4-16.11.2018-WEB.jpg&#8220; title_text=&#8220;Klaudia Dietewich K\u00fcnstlerin Paris, Quai de l&#8217;Archev\u00e9ch\u00e9, 4, 16.11.2018 WEB&#8220; show_in_lightbox=&#8220;on&#8220; _builder_version=&#8220;4.19.4&#8243; _module_preset=&#8220;default&#8220; hover_enabled=&#8220;0&#8243; global_colors_info=&#8220;{}&#8220; sticky_enabled=&#8220;0&#8243;][\/et_pb_image][et_pb_text _builder_version=&#8220;4.19.4&#8243; _module_preset=&#8220;default&#8220; hover_enabled=&#8220;0&#8243; global_colors_info=&#8220;{}&#8220; sticky_enabled=&#8220;0&#8243;]<\/p>\n<p>Klaudia Dietewich \u201eParis, Quai de l&#8217;Archev\u00e9ch\u00e9, \u00a016. 11. 2018 (4)\u201c<\/p>\n<p>[\/et_pb_text][\/et_pb_column][\/et_pb_row][et_pb_row column_structure=&#8220;1_2,1_2&#8243; _builder_version=&#8220;4.19.0&#8243; _module_preset=&#8220;default&#8220; locked=&#8220;off&#8220; global_colors_info=&#8220;{}&#8220;][et_pb_column type=&#8220;1_2&#8243; _builder_version=&#8220;4.19.0&#8243; _module_preset=&#8220;default&#8220; global_colors_info=&#8220;{}&#8220;][et_pb_image src=&#8220;http:\/\/neu.klaudiadietewich.de\/wp-content\/uploads\/2023\/01\/Klaudia-Dietewich-Kuenstlerin-Paris-Quai-de-lArcheveche-5-16.11.2018-WEB.jpg&#8220; title_text=&#8220;Klaudia Dietewich K\u00fcnstlerin Paris, Quai de l&#8217;Archev\u00e9ch\u00e9, 5, 16.11.2018 WEB&#8220; show_in_lightbox=&#8220;on&#8220; _builder_version=&#8220;4.19.4&#8243; _module_preset=&#8220;default&#8220; hover_enabled=&#8220;0&#8243; global_colors_info=&#8220;{}&#8220; sticky_enabled=&#8220;0&#8243;][\/et_pb_image][et_pb_text _builder_version=&#8220;4.19.4&#8243; _module_preset=&#8220;default&#8220; hover_enabled=&#8220;0&#8243; global_colors_info=&#8220;{}&#8220; sticky_enabled=&#8220;0&#8243;]<\/p>\n<p>Klaudia Dietewich \u201eParis, Quai de l&#8217;Archev\u00e9ch\u00e9, \u00a016. 11. 2018 (5)\u201c<\/p>\n<p>[\/et_pb_text][et_pb_image src=&#8220;http:\/\/neu.klaudiadietewich.de\/wp-content\/uploads\/2023\/01\/Klaudia-Dietewich-Kuenstlerin-Paris-Quai-de-lArcheveche-7-16.11.2018-WEB.jpg&#8220; title_text=&#8220;Klaudia Dietewich K\u00fcnstlerin Paris, Quai de l&#8217;Archev\u00e9ch\u00e9, 7, 16.11.2018 WEB&#8220; show_in_lightbox=&#8220;on&#8220; _builder_version=&#8220;4.19.4&#8243; _module_preset=&#8220;default&#8220; hover_enabled=&#8220;0&#8243; global_colors_info=&#8220;{}&#8220; sticky_enabled=&#8220;0&#8243;][\/et_pb_image][et_pb_text _builder_version=&#8220;4.19.4&#8243; _module_preset=&#8220;default&#8220; hover_enabled=&#8220;0&#8243; global_colors_info=&#8220;{}&#8220; sticky_enabled=&#8220;0&#8243;]<\/p>\n<p>Klaudia Dietewich \u201eParis, Quai de l&#8217;Archev\u00e9ch\u00e9, \u00a016. 11. 2018 (7)\u201c<\/p>\n<p>[\/et_pb_text][\/et_pb_column][et_pb_column type=&#8220;1_2&#8243; _builder_version=&#8220;4.19.0&#8243; _module_preset=&#8220;default&#8220; global_colors_info=&#8220;{}&#8220;][et_pb_image src=&#8220;http:\/\/neu.klaudiadietewich.de\/wp-content\/uploads\/2023\/01\/Klaudia-Dietewich-Kuenstlerin-Paris-Quai-de-lArcheveche-6-16.11.2018-WEB.jpg&#8220; title_text=&#8220;Klaudia Dietewich K\u00fcnstlerin Paris, Quai de l&#8217;Archev\u00e9ch\u00e9, 6, 16.11.2018 WEB&#8220; show_in_lightbox=&#8220;on&#8220; _builder_version=&#8220;4.19.4&#8243; _module_preset=&#8220;default&#8220; hover_enabled=&#8220;0&#8243; global_colors_info=&#8220;{}&#8220; sticky_enabled=&#8220;0&#8243;][\/et_pb_image][et_pb_text _builder_version=&#8220;4.19.4&#8243; _module_preset=&#8220;default&#8220; hover_enabled=&#8220;0&#8243; global_colors_info=&#8220;{}&#8220; sticky_enabled=&#8220;0&#8243;]<\/p>\n<p>Klaudia Dietewich \u201eParis, Quai de l&#8217;Archev\u00e9ch\u00e9, \u00a016. 11. 2018 (6)\u201c<\/p>\n<p>[\/et_pb_text][et_pb_image src=&#8220;http:\/\/neu.klaudiadietewich.de\/wp-content\/uploads\/2023\/01\/Klaudia-Dietewich-Kuenstlerin-Paris-Quai-de-lArcheveche-8-16.11.2018-WEB.jpg&#8220; title_text=&#8220;Klaudia Dietewich K\u00fcnstlerin Paris, Quai de l&#8217;Archev\u00e9ch\u00e9, 8, 16.11.2018 WEB&#8220; show_in_lightbox=&#8220;on&#8220; _builder_version=&#8220;4.19.4&#8243; _module_preset=&#8220;default&#8220; hover_enabled=&#8220;0&#8243; global_colors_info=&#8220;{}&#8220; sticky_enabled=&#8220;0&#8243;][\/et_pb_image][et_pb_text _builder_version=&#8220;4.19.4&#8243; _module_preset=&#8220;default&#8220; hover_enabled=&#8220;0&#8243; global_colors_info=&#8220;{}&#8220; sticky_enabled=&#8220;0&#8243;]<\/p>\n<p>Klaudia Dietewich \u201eParis, Quai de l&#8217;Archev\u00e9ch\u00e9, \u00a016. 11. 2018 (8)\u201c<\/p>\n<p>[\/et_pb_text][\/et_pb_column][\/et_pb_row][et_pb_row column_structure=&#8220;1_2,1_2&#8243; _builder_version=&#8220;4.19.0&#8243; _module_preset=&#8220;default&#8220; locked=&#8220;off&#8220; global_colors_info=&#8220;{}&#8220;][et_pb_column type=&#8220;1_2&#8243; _builder_version=&#8220;4.19.0&#8243; _module_preset=&#8220;default&#8220; global_colors_info=&#8220;{}&#8220;][et_pb_image src=&#8220;http:\/\/neu.klaudiadietewich.de\/wp-content\/uploads\/2023\/01\/Klaudia-Dietewich-Kuenstlerin-Paris-Quai-de-lArcheveche-9-16.11.2018-WEB.jpg&#8220; title_text=&#8220;Klaudia Dietewich K\u00fcnstlerin Paris, Quai de l&#8217;Archev\u00e9ch\u00e9, 9, 16.11.2018 WEB&#8220; show_in_lightbox=&#8220;on&#8220; _builder_version=&#8220;4.19.4&#8243; _module_preset=&#8220;default&#8220; hover_enabled=&#8220;0&#8243; global_colors_info=&#8220;{}&#8220; sticky_enabled=&#8220;0&#8243;][\/et_pb_image][et_pb_text _builder_version=&#8220;4.19.4&#8243; _module_preset=&#8220;default&#8220; hover_enabled=&#8220;0&#8243; global_colors_info=&#8220;{}&#8220; sticky_enabled=&#8220;0&#8243;]<\/p>\n<p>Klaudia Dietewich \u201eParis, Quai de l&#8217;Archev\u00e9ch\u00e9, \u00a016. 11. 2018 (9)\u201c<\/p>\n<p>[\/et_pb_text][et_pb_image src=&#8220;http:\/\/neu.klaudiadietewich.de\/wp-content\/uploads\/2023\/01\/Klaudia-Dietewich-Kuenstlerin-Paris-Quai-de-lArcheveche-11-16.11.2018-WEB.jpg&#8220; title_text=&#8220;Klaudia Dietewich K\u00fcnstlerin Paris, Quai de l&#8217;Archev\u00e9ch\u00e9, 11, 16.11.2018 WEB&#8220; show_in_lightbox=&#8220;on&#8220; _builder_version=&#8220;4.19.4&#8243; _module_preset=&#8220;default&#8220; hover_enabled=&#8220;0&#8243; global_colors_info=&#8220;{}&#8220; sticky_enabled=&#8220;0&#8243;][\/et_pb_image][et_pb_text _builder_version=&#8220;4.19.4&#8243; _module_preset=&#8220;default&#8220; hover_enabled=&#8220;0&#8243; global_colors_info=&#8220;{}&#8220; sticky_enabled=&#8220;0&#8243;]<\/p>\n<p>Klaudia Dietewich \u201eParis, Quai de l&#8217;Archev\u00e9ch\u00e9, \u00a016. 11. 2018 (11)\u201c<\/p>\n<p>[\/et_pb_text][\/et_pb_column][et_pb_column type=&#8220;1_2&#8243; _builder_version=&#8220;4.19.0&#8243; _module_preset=&#8220;default&#8220; global_colors_info=&#8220;{}&#8220;][et_pb_image src=&#8220;http:\/\/neu.klaudiadietewich.de\/wp-content\/uploads\/2023\/01\/Klaudia-Dietewich-Kuenstlerin-Paris-Quai-de-lArcheveche-10-16.11.2018-WEB.jpg&#8220; title_text=&#8220;Klaudia Dietewich K\u00fcnstlerin Paris, Quai de l&#8217;Archev\u00e9ch\u00e9, 10, 16.11.2018 WEB&#8220; show_in_lightbox=&#8220;on&#8220; _builder_version=&#8220;4.19.4&#8243; _module_preset=&#8220;default&#8220; hover_enabled=&#8220;0&#8243; global_colors_info=&#8220;{}&#8220; sticky_enabled=&#8220;0&#8243;][\/et_pb_image][et_pb_text _builder_version=&#8220;4.19.4&#8243; _module_preset=&#8220;default&#8220; hover_enabled=&#8220;0&#8243; global_colors_info=&#8220;{}&#8220; sticky_enabled=&#8220;0&#8243;]<\/p>\n<p>Klaudia Dietewich \u201eParis, Quai de l&#8217;Archev\u00e9ch\u00e9, \u00a016. 11. 2018 (10)\u201c<\/p>\n<p>[\/et_pb_text][et_pb_image src=&#8220;http:\/\/neu.klaudiadietewich.de\/wp-content\/uploads\/2023\/01\/Klaudia-Dietewich-Kuenstlerin-Paris-Quai-de-lArcheveche-12-16.11.2018-WEB.jpg&#8220; title_text=&#8220;Klaudia Dietewich K\u00fcnstlerin Paris, Quai de l&#8217;Archev\u00e9ch\u00e9, 12, 16.11.2018 WEB&#8220; show_in_lightbox=&#8220;on&#8220; _builder_version=&#8220;4.19.4&#8243; _module_preset=&#8220;default&#8220; hover_enabled=&#8220;0&#8243; global_colors_info=&#8220;{}&#8220; sticky_enabled=&#8220;0&#8243;][\/et_pb_image][et_pb_text _builder_version=&#8220;4.19.4&#8243; _module_preset=&#8220;default&#8220; hover_enabled=&#8220;0&#8243; global_colors_info=&#8220;{}&#8220; sticky_enabled=&#8220;0&#8243;]<\/p>\n<p>Klaudia Dietewich \u201eParis, Quai de l&#8217;Archev\u00e9ch\u00e9, \u00a016. 11. 2018 (12)\u201c<\/p>\n<p>[\/et_pb_text][\/et_pb_column][\/et_pb_row][et_pb_row column_structure=&#8220;1_2,1_2&#8243; _builder_version=&#8220;4.19.0&#8243; _module_preset=&#8220;default&#8220; locked=&#8220;off&#8220; global_colors_info=&#8220;{}&#8220;][et_pb_column type=&#8220;1_2&#8243; _builder_version=&#8220;4.19.0&#8243; _module_preset=&#8220;default&#8220; global_colors_info=&#8220;{}&#8220;][et_pb_image src=&#8220;http:\/\/neu.klaudiadietewich.de\/wp-content\/uploads\/2023\/01\/Klaudia-Dietewich-Kuenstlerin-Paris-Quai-de-lArcheveche-13-16.11.2018-WEB.jpg&#8220; title_text=&#8220;Klaudia Dietewich K\u00fcnstlerin Paris, Quai de l&#8217;Archev\u00e9ch\u00e9, 13, 16.11.2018 WEB&#8220; show_in_lightbox=&#8220;on&#8220; _builder_version=&#8220;4.19.4&#8243; _module_preset=&#8220;default&#8220; hover_enabled=&#8220;0&#8243; global_colors_info=&#8220;{}&#8220; sticky_enabled=&#8220;0&#8243;][\/et_pb_image][et_pb_text _builder_version=&#8220;4.19.4&#8243; _module_preset=&#8220;default&#8220; hover_enabled=&#8220;0&#8243; global_colors_info=&#8220;{}&#8220; sticky_enabled=&#8220;0&#8243;]<\/p>\n<p>Klaudia Dietewich \u201eParis, Quai de l&#8217;Archev\u00e9ch\u00e9, \u00a016. 11. 2018 (13)\u201c<\/p>\n<p>[\/et_pb_text][et_pb_image src=&#8220;http:\/\/neu.klaudiadietewich.de\/wp-content\/uploads\/2023\/01\/Klaudia-Dietewich-Kuenstlerin-Paris-Quai-de-lArcheveche-15-16.11.2018-WEB.jpg&#8220; title_text=&#8220;Klaudia Dietewich K\u00fcnstlerin Paris, Quai de l&#8217;Archev\u00e9ch\u00e9, 15, 16.11.2018 WEB&#8220; show_in_lightbox=&#8220;on&#8220; _builder_version=&#8220;4.19.4&#8243; _module_preset=&#8220;default&#8220; hover_enabled=&#8220;0&#8243; global_colors_info=&#8220;{}&#8220; sticky_enabled=&#8220;0&#8243;][\/et_pb_image][et_pb_text _builder_version=&#8220;4.19.4&#8243; _module_preset=&#8220;default&#8220; hover_enabled=&#8220;0&#8243; global_colors_info=&#8220;{}&#8220; sticky_enabled=&#8220;0&#8243;]<\/p>\n<p>Klaudia Dietewich \u201eParis, Quai de l&#8217;Archev\u00e9ch\u00e9, \u00a016. 11. 2018 (15)\u201c<\/p>\n<p>[\/et_pb_text][\/et_pb_column][et_pb_column type=&#8220;1_2&#8243; _builder_version=&#8220;4.19.0&#8243; _module_preset=&#8220;default&#8220; global_colors_info=&#8220;{}&#8220;][et_pb_image src=&#8220;http:\/\/neu.klaudiadietewich.de\/wp-content\/uploads\/2023\/01\/Klaudia-Dietewich-Kuenstlerin-Paris-Quai-de-lArcheveche-14-16.11.2018-WEB.jpg&#8220; title_text=&#8220;Klaudia Dietewich K\u00fcnstlerin Paris, Quai de l&#8217;Archev\u00e9ch\u00e9, 14, 16.11.2018 WEB&#8220; show_in_lightbox=&#8220;on&#8220; _builder_version=&#8220;4.19.4&#8243; _module_preset=&#8220;default&#8220; hover_enabled=&#8220;0&#8243; global_colors_info=&#8220;{}&#8220; sticky_enabled=&#8220;0&#8243;][\/et_pb_image][et_pb_text _builder_version=&#8220;4.19.4&#8243; _module_preset=&#8220;default&#8220; hover_enabled=&#8220;0&#8243; global_colors_info=&#8220;{}&#8220; sticky_enabled=&#8220;0&#8243;]<\/p>\n<p>Klaudia Dietewich \u201eParis, Quai de l&#8217;Archev\u00e9ch\u00e9, \u00a016. 11. 2018 (14)\u201c<\/p>\n<p>[\/et_pb_text][et_pb_image src=&#8220;http:\/\/neu.klaudiadietewich.de\/wp-content\/uploads\/2023\/01\/Klaudia-Dietewich-Kuenstlerin-Paris-Quai-de-lArcheveche-16-16.11.2018-WEB.jpg&#8220; title_text=&#8220;Klaudia Dietewich K\u00fcnstlerin Paris, Quai de l&#8217;Archev\u00e9ch\u00e9, 16, 16.11.2018 WEB&#8220; show_in_lightbox=&#8220;on&#8220; _builder_version=&#8220;4.19.4&#8243; _module_preset=&#8220;default&#8220; hover_enabled=&#8220;0&#8243; global_colors_info=&#8220;{}&#8220; sticky_enabled=&#8220;0&#8243;][\/et_pb_image][et_pb_text _builder_version=&#8220;4.19.4&#8243; _module_preset=&#8220;default&#8220; hover_enabled=&#8220;0&#8243; global_colors_info=&#8220;{}&#8220; sticky_enabled=&#8220;0&#8243;]<\/p>\n<p>Klaudia Dietewich \u201eParis, Quai de l&#8217;Archev\u00e9ch\u00e9, \u00a016. 11. 2018 (16)\u201c<\/p>\n<p>[\/et_pb_text][\/et_pb_column][\/et_pb_row][\/et_pb_section]<\/p>\n","protected":false},"excerpt":{"rendered":"<p>Paris Quai de l&#8217;Archev\u00e9ch\u00e9Klaudia Dietewich \u201eParis, Quai de l&#8217;Archev\u00e9ch\u00e9, \u00a016. 11. 2018 (1)\u201cKlaudia Dietewich \u201eParis, Quai de l&#8217;Archev\u00e9ch\u00e9, \u00a016. 11. 2018 (3)\u201cKlaudia Dietewich \u201eParis, Quai de l&#8217;Archev\u00e9ch\u00e9, \u00a016. 11. 2018 (2)\u201cKlaudia Dietewich \u201eParis, Quai de l&#8217;Archev\u00e9ch\u00e9, \u00a016. 11. 2018 (4)\u201cKlaudia Dietewich \u201eParis, Quai de l&#8217;Archev\u00e9ch\u00e9, \u00a016. 11. 2018 (5)\u201cKlaudia Dietewich \u201eParis, Quai de l&#8217;Archev\u00e9ch\u00e9, \u00a016. [&hellip;]<\/p>\n","protected":false},"author":1,"featured_media":0,"parent":0,"menu_order":0,"comment_status":"closed","ping_status":"closed","template":"","meta":{"_et_pb_use_builder":"on","_et_pb_old_content":"","_et_gb_content_width":"","footnotes":""},"class_list":["post-1540","page","type-page","status-publish","hentry"],"_links":{"self":[{"href":"https:\/\/klaudiadietewich.de\/en\/wp-json\/wp\/v2\/pages\/1540","targetHints":{"allow":["GET"]}}],"collection":[{"href":"https:\/\/klaudiadietewich.de\/en\/wp-json\/wp\/v2\/pages"}],"about":[{"href":"https:\/\/klaudiadietewich.de\/en\/wp-json\/wp\/v2\/types\/page"}],"author":[{"embeddable":true,"href":"https:\/\/klaudiadietewich.de\/en\/wp-json\/wp\/v2\/users\/1"}],"replies":[{"embeddable":true,"href":"https:\/\/klaudiadietewich.de\/en\/wp-json\/wp\/v2\/comments?post=1540"}],"version-history":[{"count":5,"href":"https:\/\/klaudiadietewich.de\/en\/wp-json\/wp\/v2\/pages\/1540\/revisions"}],"predecessor-version":[{"id":1782,"href":"https:\/\/klaudiadietewich.de\/en\/wp-json\/wp\/v2\/pages\/1540\/revisions\/1782"}],"wp:attachment":[{"href":"https:\/\/klaudiadietewich.de\/en\/wp-json\/wp\/v2\/media?parent=1540"}],"curies":[{"name":"wp","href":"https:\/\/api.w.org\/{rel}","templated":true}]}}