{"id":176,"date":"2022-11-16T18:06:30","date_gmt":"2022-11-16T17:06:30","guid":{"rendered":"http:\/\/neu.klaudiadietewich.de\/?page_id=176"},"modified":"2025-02-26T13:01:06","modified_gmt":"2025-02-26T12:01:06","slug":"arbeiten","status":"publish","type":"page","link":"https:\/\/klaudiadietewich.de\/en\/arbeiten\/","title":{"rendered":"Works"},"content":{"rendered":"<p>[et_pb_section fb_built=&#8220;1&#8243; _builder_version=&#8220;4.19.0&#8243; _module_preset=&#8220;default&#8220; background_color=&#8220;#e2e0de&#8220; hover_enabled=&#8220;0&#8243; global_colors_info=&#8220;{}&#8220; sticky_enabled=&#8220;0&#8243;][et_pb_row _builder_version=&#8220;4.19.0&#8243; _module_preset=&#8220;default&#8220; global_colors_info=&#8220;{}&#8220;][et_pb_column type=&#8220;4_4&#8243; _builder_version=&#8220;4.19.0&#8243; _module_preset=&#8220;default&#8220; global_colors_info=&#8220;{}&#8220;][et_pb_text _builder_version=&#8220;4.19.0&#8243; _module_preset=&#8220;default&#8220; global_colors_info=&#8220;{}&#8220;]<\/p>\n<h1>Arbeiten<\/h1>\n<p>[\/et_pb_text][et_pb_divider _builder_version=&#8220;4.19.0&#8243; _module_preset=&#8220;default&#8220; global_colors_info=&#8220;{}&#8220;][\/et_pb_divider][\/et_pb_column][\/et_pb_row][et_pb_row column_structure=&#8220;1_4,1_4,1_4,1_4&#8243; _builder_version=&#8220;4.19.4&#8243; _module_preset=&#8220;default&#8220; global_colors_info=&#8220;{}&#8220;][et_pb_column type=&#8220;1_4&#8243; _builder_version=&#8220;4.19.4&#8243; _module_preset=&#8220;default&#8220; global_colors_info=&#8220;{}&#8220;][et_pb_image src=&#8220;http:\/\/neu.klaudiadietewich.de\/wp-content\/uploads\/2023\/01\/Tiflis-Georgien-Tschonkadse-2.9.2015WEB.jpg&#8220; title_text=&#8220;Klaudia Dietewich Wegst\u00fcck Tiflis (Georgien), Tschonkadse-2.9.2015WEB&#8220; url=&#8220;@ET-DC@eyJkeW5hbWljIjp0cnVlLCJjb250ZW50IjoicG9zdF9saW5rX3VybF9wYWdlIiwic2V0dGluZ3MiOnsicG9zdF9pZCI6IjE3OCJ9fQ==@&#8220; _builder_version=&#8220;4.19.4&#8243; _dynamic_attributes=&#8220;url&#8220; _module_preset=&#8220;default&#8220; global_colors_info=&#8220;{}&#8220;][\/et_pb_image][et_pb_text _builder_version=&#8220;4.19.4&#8243; _module_preset=&#8220;default&#8220; text_orientation=&#8220;center&#8220; global_colors_info=&#8220;{}&#8220;]<\/p>\n<h5>Wegst\u00fccke<\/h5>\n<p>[\/et_pb_text][\/et_pb_column][et_pb_column type=&#8220;1_4&#8243; _builder_version=&#8220;4.19.4&#8243; _module_preset=&#8220;default&#8220; global_colors_info=&#8220;{}&#8220;][et_pb_image src=&#8220;http:\/\/neu.klaudiadietewich.de\/wp-content\/uploads\/2023\/01\/Klaudia-Dietewich-Kuenstlerin-Faeroeer-Islands-Torshavn-R.C.-Eversoes-Gota-2-27.7.2015-WEB.jpg&#8220; title_text=&#8220;Klaudia Dietewich K\u00fcnstlerin F\u00e4r\u00f6er Islands, Torshavn, R.C. Evers\u00f8es G\u00f8ta, 2, 27.7.2015 WEB&#8220; url=&#8220;@ET-DC@eyJkeW5hbWljIjp0cnVlLCJjb250ZW50IjoicG9zdF9saW5rX3VybF9wYWdlIiwic2V0dGluZ3MiOnsicG9zdF9pZCI6IjE1MjIifX0=@&#8220; _builder_version=&#8220;4.19.4&#8243; _dynamic_attributes=&#8220;url&#8220; _module_preset=&#8220;default&#8220; global_colors_info=&#8220;{}&#8220;][\/et_pb_image][et_pb_text _builder_version=&#8220;4.19.4&#8243; _module_preset=&#8220;default&#8220; text_orientation=&#8220;center&#8220; global_colors_info=&#8220;{}&#8220;]<\/p>\n<h5>F\u00e4r\u00f6er Islands<\/h5>\n<p>[\/et_pb_text][\/et_pb_column][et_pb_column type=&#8220;1_4&#8243; _builder_version=&#8220;4.19.4&#8243; _module_preset=&#8220;default&#8220; global_colors_info=&#8220;{}&#8220;][et_pb_image src=&#8220;http:\/\/neu.klaudiadietewich.de\/wp-content\/uploads\/2023\/01\/Klaudia-Dietewich-KuenstlerinBerlin-Flugfeld-Tempelhof-23-17.7.2010-WEB.jpg&#8220; title_text=&#8220;Klaudia Dietewich K\u00fcnstlerinBerlin, Flugfeld Tempelhof, 23, 17.7.2010 WEB&#8220; url=&#8220;@ET-DC@eyJkeW5hbWljIjp0cnVlLCJjb250ZW50IjoicG9zdF9saW5rX3VybF9wYWdlIiwic2V0dGluZ3MiOnsicG9zdF9pZCI6IjE1MzQifX0=@&#8220; _builder_version=&#8220;4.19.4&#8243; _dynamic_attributes=&#8220;url&#8220; _module_preset=&#8220;default&#8220; global_colors_info=&#8220;{}&#8220;][\/et_pb_image][et_pb_text _builder_version=&#8220;4.19.4&#8243; _module_preset=&#8220;default&#8220; text_orientation=&#8220;center&#8220; global_colors_info=&#8220;{}&#8220;]<\/p>\n<h5>Flugfeld Tempelhof<\/h5>\n<p>[\/et_pb_text][\/et_pb_column][et_pb_column type=&#8220;1_4&#8243; _builder_version=&#8220;4.19.4&#8243; _module_preset=&#8220;default&#8220; global_colors_info=&#8220;{}&#8220;][et_pb_image src=&#8220;http:\/\/neu.klaudiadietewich.de\/wp-content\/uploads\/2023\/01\/Klaudia-Dietewich-Kuenstlerin-Uebergang-3-Berlin-Invalidenstrasse-20.7.2010WEB.jpg&#8220; title_text=&#8220;Klaudia Dietewich K\u00fcnstlerin \u00dcbergang 3, Berlin, Invalidenstra\u00dfe, 20.7.2010WEB&#8220; url=&#8220;@ET-DC@eyJkeW5hbWljIjp0cnVlLCJjb250ZW50IjoicG9zdF9saW5rX3VybF9wYWdlIiwic2V0dGluZ3MiOnsicG9zdF9pZCI6IjE1MzIifX0=@&#8220; _builder_version=&#8220;4.19.4&#8243; _dynamic_attributes=&#8220;url&#8220; _module_preset=&#8220;default&#8220; global_colors_info=&#8220;{}&#8220;][\/et_pb_image][et_pb_text _builder_version=&#8220;4.19.4&#8243; _module_preset=&#8220;default&#8220; text_orientation=&#8220;center&#8220; global_colors_info=&#8220;{}&#8220;]<\/p>\n<h5>Berlin \u00dcberg\u00e4nge<\/h5>\n<p>[\/et_pb_text][\/et_pb_column][\/et_pb_row][et_pb_row column_structure=&#8220;1_4,1_4,1_4,1_4&#8243; _builder_version=&#8220;4.19.4&#8243; _module_preset=&#8220;default&#8220; global_colors_info=&#8220;{}&#8220;][et_pb_column type=&#8220;1_4&#8243; _builder_version=&#8220;4.19.4&#8243; _module_preset=&#8220;default&#8220; global_colors_info=&#8220;{}&#8220;][et_pb_image src=&#8220;http:\/\/neu.klaudiadietewich.de\/wp-content\/uploads\/2023\/01\/Klaudia-Dietewich-Kuenstlerin-Metalimnion-Stuttgart-Kleiner-Schlossplatz-15-13.10.2010-WEB.jpg&#8220; title_text=&#8220;Klaudia Dietewich K\u00fcnstlerin Metalimnion, Stuttgart, Kleiner Schlossplatz, 15, 13.10.2010 WEB&#8220; url=&#8220;@ET-DC@eyJkeW5hbWljIjp0cnVlLCJjb250ZW50IjoicG9zdF9saW5rX3VybF9wYWdlIiwic2V0dGluZ3MiOnsicG9zdF9pZCI6IjE1MzgifX0=@&#8220; _builder_version=&#8220;4.19.4&#8243; _dynamic_attributes=&#8220;url&#8220; _module_preset=&#8220;default&#8220; global_colors_info=&#8220;{}&#8220;][\/et_pb_image][et_pb_text _builder_version=&#8220;4.19.4&#8243; _module_preset=&#8220;default&#8220; text_orientation=&#8220;center&#8220; global_colors_info=&#8220;{}&#8220;]<\/p>\n<h5>Metalimnion<\/h5>\n<p>[\/et_pb_text][\/et_pb_column][et_pb_column type=&#8220;1_4&#8243; _builder_version=&#8220;4.19.4&#8243; _module_preset=&#8220;default&#8220; global_colors_info=&#8220;{}&#8220;][et_pb_image src=&#8220;http:\/\/neu.klaudiadietewich.de\/wp-content\/uploads\/2023\/01\/Klaudia-Dietewich-Kuenstlerin-Vlieland-NL-Postweg-15-31.8.2009-WEB.jpg&#8220; title_text=&#8220;Klaudia Dietewich K\u00fcnstlerin Vlieland (NL), Postweg, 15, 31.8.2009 WEB&#8220; url=&#8220;@ET-DC@eyJkeW5hbWljIjp0cnVlLCJjb250ZW50IjoicG9zdF9saW5rX3VybF9wYWdlIiwic2V0dGluZ3MiOnsicG9zdF9pZCI6IjE1MzAifX0=@&#8220; _builder_version=&#8220;4.19.4&#8243; _dynamic_attributes=&#8220;url&#8220; _module_preset=&#8220;default&#8220; global_colors_info=&#8220;{}&#8220;][\/et_pb_image][et_pb_text _builder_version=&#8220;4.19.4&#8243; _module_preset=&#8220;default&#8220; text_orientation=&#8220;center&#8220; global_colors_info=&#8220;{}&#8220;]<\/p>\n<h5>Vieland Postweg<\/h5>\n<p>[\/et_pb_text][\/et_pb_column][et_pb_column type=&#8220;1_4&#8243; _builder_version=&#8220;4.19.4&#8243; _module_preset=&#8220;default&#8220; global_colors_info=&#8220;{}&#8220;][et_pb_image src=&#8220;http:\/\/neu.klaudiadietewich.de\/wp-content\/uploads\/2023\/01\/Klaudia-Dietewich-Kuenstlerin-Paris-Quai-de-lArcheveche-16-16.11.2018-WEB.jpg&#8220; title_text=&#8220;Klaudia Dietewich K\u00fcnstlerin Paris, Quai de l&#8217;Archev\u00e9ch\u00e9, 16, 16.11.2018 WEB&#8220; url=&#8220;@ET-DC@eyJkeW5hbWljIjp0cnVlLCJjb250ZW50IjoicG9zdF9saW5rX3VybF9wYWdlIiwic2V0dGluZ3MiOnsicG9zdF9pZCI6IjE1NDAifX0=@&#8220; _builder_version=&#8220;4.19.4&#8243; _dynamic_attributes=&#8220;url&#8220; _module_preset=&#8220;default&#8220; global_colors_info=&#8220;{}&#8220;][\/et_pb_image][et_pb_text _builder_version=&#8220;4.19.4&#8243; _module_preset=&#8220;default&#8220; text_orientation=&#8220;center&#8220; global_colors_info=&#8220;{}&#8220;]<\/p>\n<h5>Paris \u2013 Quai de l&#8217;Archev\u00each\u00e9<\/h5>\n<p>[\/et_pb_text][\/et_pb_column][et_pb_column type=&#8220;1_4&#8243; _builder_version=&#8220;4.19.4&#8243; _module_preset=&#8220;default&#8220; global_colors_info=&#8220;{}&#8220;][et_pb_image src=&#8220;http:\/\/neu.klaudiadietewich.de\/wp-content\/uploads\/2023\/01\/Klaudia-Dietewich-Kuenstlerin-Vanishing-Universe-Brownbluff-Antarktis-13.1.2020-WEB.jpg&#8220; title_text=&#8220;Klaudia Dietewich K\u00fcnstlerin Vanishing Universe, Brownbluff (Antarktis), 13.1.2020 WEB&#8220; url=&#8220;@ET-DC@eyJkeW5hbWljIjp0cnVlLCJjb250ZW50IjoicG9zdF9saW5rX3VybF9wYWdlIiwic2V0dGluZ3MiOnsicG9zdF9pZCI6IjE1NDIifX0=@&#8220; _builder_version=&#8220;4.19.4&#8243; _dynamic_attributes=&#8220;url&#8220; _module_preset=&#8220;default&#8220; global_colors_info=&#8220;{}&#8220;][\/et_pb_image][et_pb_text _builder_version=&#8220;4.19.4&#8243; _module_preset=&#8220;default&#8220; text_orientation=&#8220;center&#8220; global_colors_info=&#8220;{}&#8220;]<\/p>\n<h5>Vanishing Universe<\/h5>\n<p>[\/et_pb_text][\/et_pb_column][\/et_pb_row][et_pb_row column_structure=&#8220;1_4,1_4,1_4,1_4&#8243; _builder_version=&#8220;4.22.2&#8243; _module_preset=&#8220;default&#8220; global_colors_info=&#8220;{}&#8220;][et_pb_column type=&#8220;1_4&#8243; _builder_version=&#8220;4.22.2&#8243; _module_preset=&#8220;default&#8220; global_colors_info=&#8220;{}&#8220;][et_pb_image src=&#8220;https:\/\/klaudiadietewich.de\/wp-content\/uploads\/2023\/10\/Klaudia-Dietewich-06_IMG_9967.jpg&#8220; title_text=&#8220;Klaudia Dietewich 06_IMG_9967&#8243; url=&#8220;@ET-DC@eyJkeW5hbWljIjp0cnVlLCJjb250ZW50IjoicG9zdF9saW5rX3VybF9wYWdlIiwic2V0dGluZ3MiOnsicG9zdF9pZCI6IjE0OTgifX0=@&#8220; _builder_version=&#8220;4.22.2&#8243; _dynamic_attributes=&#8220;url&#8220; _module_preset=&#8220;default&#8220; global_colors_info=&#8220;{}&#8220;][\/et_pb_image][et_pb_text _builder_version=&#8220;4.22.2&#8243; _module_preset=&#8220;default&#8220; text_orientation=&#8220;center&#8220; global_colors_info=&#8220;{}&#8220;]<\/p>\n<h5>Fl\u00fcchtige Landschaften<\/h5>\n<p>[\/et_pb_text][\/et_pb_column][et_pb_column type=&#8220;1_4&#8243; _builder_version=&#8220;4.22.2&#8243; _module_preset=&#8220;default&#8220; global_colors_info=&#8220;{}&#8220;][et_pb_image src=&#8220;http:\/\/neu.klaudiadietewich.de\/wp-content\/uploads\/2023\/01\/Klaudia-Dietewich-Kuenstlerin-Taenzer_Collage.jpg&#8220; title_text=&#8220;Klaudia Dietewich K\u00fcnstlerin T\u00e4nzer_Collage&#8220; url=&#8220;@ET-DC@eyJkeW5hbWljIjp0cnVlLCJjb250ZW50IjoicG9zdF9saW5rX3VybF9wYWdlIiwic2V0dGluZ3MiOnsicG9zdF9pZCI6IjIwMjUifX0=@&#8220; _builder_version=&#8220;4.19.5&#8243; _dynamic_attributes=&#8220;url&#8220; _module_preset=&#8220;default&#8220; global_colors_info=&#8220;{}&#8220;][\/et_pb_image][et_pb_text _builder_version=&#8220;4.19.4&#8243; _module_preset=&#8220;default&#8220; text_orientation=&#8220;center&#8220; global_colors_info=&#8220;{}&#8220;]<\/p>\n<h5>T\u00e4nzer<\/h5>\n<p>[\/et_pb_text][\/et_pb_column][et_pb_column type=&#8220;1_4&#8243; _builder_version=&#8220;4.22.2&#8243; _module_preset=&#8220;default&#8220; global_colors_info=&#8220;{}&#8220;][et_pb_image src=&#8220;http:\/\/neu.klaudiadietewich.de\/wp-content\/uploads\/2023\/01\/Klaudia-Dietewich-Kuenstlerin-Datteln-Schleuse-2014-WEB.jpg&#8220; title_text=&#8220;Klaudia Dietewich K\u00fcnstlerin Datteln, Schleuse, 2014 WEB&#8220; url=&#8220;@ET-DC@eyJkeW5hbWljIjp0cnVlLCJjb250ZW50IjoicG9zdF9saW5rX3VybF9wYWdlIiwic2V0dGluZ3MiOnsicG9zdF9pZCI6IjE1NDQifX0=@&#8220; _builder_version=&#8220;4.19.4&#8243; _dynamic_attributes=&#8220;url&#8220; _module_preset=&#8220;default&#8220; global_colors_info=&#8220;{}&#8220;][\/et_pb_image][et_pb_text _builder_version=&#8220;4.19.4&#8243; _module_preset=&#8220;default&#8220; text_orientation=&#8220;center&#8220; global_colors_info=&#8220;{}&#8220;]<\/p>\n<h5>Fundst\u00fccke<\/h5>\n<p>[\/et_pb_text][\/et_pb_column][et_pb_column type=&#8220;1_4&#8243; _builder_version=&#8220;4.22.2&#8243; _module_preset=&#8220;default&#8220; global_colors_info=&#8220;{}&#8220;][et_pb_image src=&#8220;http:\/\/neu.klaudiadietewich.de\/wp-content\/uploads\/2023\/01\/Klaudia-Dietewich-Kuenstlerin-2014-4-Himmel-und-Hoelle-Underground-Fort-de-Maginot-Schoenenbourg-F-WEB.jpg&#8220; title_text=&#8220;Klaudia Dietewich K\u00fcnstlerin 2014-4, Himmel und H\u00f6lle, Underground, Fort de Maginot, Schoenenbourg (F) WEB&#8220; url=&#8220;@ET-DC@eyJkeW5hbWljIjp0cnVlLCJjb250ZW50IjoicG9zdF9saW5rX3VybF9wYWdlIiwic2V0dGluZ3MiOnsicG9zdF9pZCI6IjE0OTgifX0=@&#8220; _builder_version=&#8220;4.19.4&#8243; _dynamic_attributes=&#8220;url&#8220; _module_preset=&#8220;default&#8220; global_colors_info=&#8220;{}&#8220;][\/et_pb_image][et_pb_text _builder_version=&#8220;4.19.4&#8243; _module_preset=&#8220;default&#8220; text_orientation=&#8220;center&#8220; global_colors_info=&#8220;{}&#8220;]<\/p>\n<h5>Installationen<\/h5>\n<p>[\/et_pb_text][\/et_pb_column][\/et_pb_row][\/et_pb_section]<\/p>\n","protected":false},"excerpt":{"rendered":"<p>ArbeitenWegst\u00fcckeF\u00e4r\u00f6er IslandsFlugfeld TempelhofBerlin \u00dcberg\u00e4ngeMetalimnionVieland PostwegParis \u2013 Quai de l&#8217;Archev\u00each\u00e9Vanishing UniverseFl\u00fcchtige LandschaftenT\u00e4nzerFundst\u00fcckeInstallationen<\/p>","protected":false},"author":1,"featured_media":0,"parent":0,"menu_order":0,"comment_status":"closed","ping_status":"closed","template":"","meta":{"_et_pb_use_builder":"on","_et_pb_old_content":"","_et_gb_content_width":"","footnotes":""},"class_list":["post-176","page","type-page","status-publish","hentry"],"_links":{"self":[{"href":"https:\/\/klaudiadietewich.de\/en\/wp-json\/wp\/v2\/pages\/176","targetHints":{"allow":["GET"]}}],"collection":[{"href":"https:\/\/klaudiadietewich.de\/en\/wp-json\/wp\/v2\/pages"}],"about":[{"href":"https:\/\/klaudiadietewich.de\/en\/wp-json\/wp\/v2\/types\/page"}],"author":[{"embeddable":true,"href":"https:\/\/klaudiadietewich.de\/en\/wp-json\/wp\/v2\/users\/1"}],"replies":[{"embeddable":true,"href":"https:\/\/klaudiadietewich.de\/en\/wp-json\/wp\/v2\/comments?post=176"}],"version-history":[{"count":17,"href":"https:\/\/klaudiadietewich.de\/en\/wp-json\/wp\/v2\/pages\/176\/revisions"}],"predecessor-version":[{"id":2531,"href":"https:\/\/klaudiadietewich.de\/en\/wp-json\/wp\/v2\/pages\/176\/revisions\/2531"}],"wp:attachment":[{"href":"https:\/\/klaudiadietewich.de\/en\/wp-json\/wp\/v2\/media?parent=176"}],"curies":[{"name":"wp","href":"https:\/\/api.w.org\/{rel}","templated":true}]}}