{"id":77,"date":"2022-11-15T19:22:28","date_gmt":"2022-11-15T18:22:28","guid":{"rendered":"http:\/\/neu.klaudiadietewich.de\/?page_id=77"},"modified":"2026-03-25T10:57:21","modified_gmt":"2026-03-25T09:57:21","slug":"aktuell","status":"publish","type":"page","link":"https:\/\/klaudiadietewich.de\/en\/","title":{"rendered":"Klaudia Dietewich Aktuell"},"content":{"rendered":"<p>[et_pb_section fb_built=&#8220;1&#8243; _builder_version=&#8220;4.19.0&#8243; _module_preset=&#8220;default&#8220; background_color=&#8220;#e2e0de&#8220; global_colors_info=&#8220;{}&#8220;][et_pb_row column_structure=&#8220;1_3,1_3,1_3&#8243; _builder_version=&#8220;4.19.0&#8243; _module_preset=&#8220;default&#8220; global_colors_info=&#8220;{}&#8220;][et_pb_column type=&#8220;1_3&#8243; _builder_version=&#8220;4.19.0&#8243; _module_preset=&#8220;default&#8220; global_colors_info=&#8220;{}&#8220;][et_pb_text _builder_version=&#8220;4.24.2&#8243; _module_preset=&#8220;default&#8220; global_colors_info=&#8220;{}&#8220;]<\/p>\n<h1><strong>Aktuell<\/strong><\/h1>\n<p>[\/et_pb_text][\/et_pb_column][et_pb_column type=&#8220;1_3&#8243; _builder_version=&#8220;4.19.0&#8243; _module_preset=&#8220;default&#8220; global_colors_info=&#8220;{}&#8220;][et_pb_text _builder_version=&#8220;4.24.2&#8243; _module_preset=&#8220;default&#8220; global_colors_info=&#8220;{}&#8220;]<\/p>\n<p>Per Klick auf den Button gelangen Sie zur ausf\u00fchrlichen Website des Projekts<br \/>\u201e50 St\u00e4dte \u2013 50 Spuren\u201c.<\/p>\n<p>[\/et_pb_text][\/et_pb_column][et_pb_column type=&#8220;1_3&#8243; _builder_version=&#8220;4.19.0&#8243; _module_preset=&#8220;default&#8220; global_colors_info=&#8220;{}&#8220;][et_pb_button button_url=&#8220;https:\/\/50cities-50traces.org&#8220; button_text=&#8220;50 St\u00e4dte \u2013 50 Spuren&#8220; _builder_version=&#8220;4.24.2&#8243; _module_preset=&#8220;default&#8220; custom_button=&#8220;on&#8220; button_font=&#8220;|600|||||||&#8220; box_shadow_style=&#8220;preset2&#8243; box_shadow_blur=&#8220;10px&#8220; box_shadow_spread=&#8220;-5px&#8220; box_shadow_color=&#8220;rgba(73,27,0,0.3)&#8220; global_colors_info=&#8220;{}&#8220;][\/et_pb_button][\/et_pb_column][\/et_pb_row][et_pb_row _builder_version=&#8220;4.24.2&#8243; _module_preset=&#8220;default&#8220; global_colors_info=&#8220;{}&#8220;][et_pb_column type=&#8220;4_4&#8243; _builder_version=&#8220;4.24.2&#8243; _module_preset=&#8220;default&#8220; global_colors_info=&#8220;{}&#8220;][et_pb_divider _builder_version=&#8220;4.19.0&#8243; _module_preset=&#8220;default&#8220; global_colors_info=&#8220;{}&#8220;][\/et_pb_divider][\/et_pb_column][\/et_pb_row][et_pb_row _builder_version=&#8220;4.27.0&#8243; _module_preset=&#8220;default&#8220; global_colors_info=&#8220;{}&#8220;][et_pb_column type=&#8220;4_4&#8243; _builder_version=&#8220;4.27.0&#8243; _module_preset=&#8220;default&#8220; global_colors_info=&#8220;{}&#8220;][et_pb_text _builder_version=&#8220;4.27.4&#8243; _module_preset=&#8220;default&#8220; global_colors_info=&#8220;{}&#8220;]<\/p>\n<h1>Meine n\u00e4chsten Ausstellungen:<\/h1>\n<h5><\/h5>\n<p>[\/et_pb_text][\/et_pb_column][\/et_pb_row][et_pb_row _builder_version=&#8220;4.27.4&#8243; _module_preset=&#8220;default&#8220; global_colors_info=&#8220;{}&#8220;][et_pb_column type=&#8220;4_4&#8243; _builder_version=&#8220;4.27.4&#8243; _module_preset=&#8220;default&#8220; global_colors_info=&#8220;{}&#8220;][et_pb_image src=&#8220;https:\/\/klaudiadietewich.de\/wp-content\/uploads\/2026\/02\/image003.png&#8220; alt=&#8220;KLAUDIA DIETEWICH 200 Jahre Gegenwart WKV IMG_8385&#8243; title_text=&#8220;image003&#8243; align=&#8220;center&#8220; _builder_version=&#8220;4.27.5&#8243; _module_preset=&#8220;default&#8220; global_colors_info=&#8220;{}&#8220;][\/et_pb_image][et_pb_text _builder_version=&#8220;4.27.5&#8243; _module_preset=&#8220;default&#8220; global_colors_info=&#8220;{}&#8220;]<\/p>\n<h3 style=\"text-align: center;\">\u201eFl\u00fcchtige Landschaften\u201c<\/h3>\n<h5 style=\"text-align: center;\">17. 4. bis 10. 06. 2026 Haus am Dom in Frankfurt<\/h5>\n<p style=\"text-align: center;\">[\/et_pb_text][\/et_pb_column][\/et_pb_row][et_pb_row _builder_version=&#8220;4.27.4&#8243; _module_preset=&#8220;default&#8220; global_colors_info=&#8220;{}&#8220;][et_pb_column type=&#8220;4_4&#8243; _builder_version=&#8220;4.27.4&#8243; _module_preset=&#8220;default&#8220; global_colors_info=&#8220;{}&#8220;][et_pb_image src=&#8220;https:\/\/klaudiadietewich.de\/wp-content\/uploads\/2026\/03\/Nord_Art_2026_Klaudia_Dietewich_01.jpg&#8220; alt=&#8220;Klaudia Dietewich Kuenstlerin Nord_Art_2026_Klaudia_Dietewich_01&#8243; title_text=&#8220;Klaudia Dietewich Kuenstlerin Nord_Art_2026_Klaudia_Dietewich_01&#8243; align=&#8220;center&#8220; _builder_version=&#8220;4.27.6&#8243; _module_preset=&#8220;default&#8220; hover_enabled=&#8220;0&#8243; global_colors_info=&#8220;{}&#8220; sticky_enabled=&#8220;0&#8243; width=&#8220;71%&#8220;][\/et_pb_image][et_pb_text _builder_version=&#8220;4.27.6&#8243; _module_preset=&#8220;default&#8220; hover_enabled=&#8220;0&#8243; global_colors_info=&#8220;{}&#8220; sticky_enabled=&#8220;0&#8243;]<\/p>\n<h3 style=\"text-align: center;\">\u201eNordArt 2026\u201c<\/h3>\n<h5 style=\"text-align: center;\">6. 6. bis 4. 10. 2026 Kunstwerk Carlsh\u00fctte, B\u00fcdelsdorf<\/h5>\n<p style=\"text-align: center;\"><strong><a href=\"https:\/\/www.nordart.de\/\">Klicken Sie hier f\u00fcr weitere Informationen<\/a><\/strong><\/p>\n<p>[\/et_pb_text][\/et_pb_column][\/et_pb_row][et_pb_row _builder_version=&#8220;4.27.4&#8243; _module_preset=&#8220;default&#8220; global_colors_info=&#8220;{}&#8220;][et_pb_column type=&#8220;4_4&#8243; _builder_version=&#8220;4.27.4&#8243; _module_preset=&#8220;default&#8220; global_colors_info=&#8220;{}&#8220;][et_pb_image src=&#8220;https:\/\/klaudiadietewich.de\/wp-content\/uploads\/2026\/03\/Bild-fuer-Saarburg-AmueseumWEB.jpg&#8220; alt=&#8220;Klaudia Dietrich Kuenstlerin  Saarburg AmueseumWEB&#8220; title_text=&#8220;Klaudia Dietrich Kuenstlerin  Saarburg AmueseumWEB&#8220; align=&#8220;center&#8220; _builder_version=&#8220;4.27.6&#8243; _module_preset=&#8220;default&#8220; hover_enabled=&#8220;0&#8243; global_colors_info=&#8220;{}&#8220; sticky_enabled=&#8220;0&#8243; width=&#8220;72%&#8220;][\/et_pb_image][et_pb_text _builder_version=&#8220;4.27.6&#8243; _module_preset=&#8220;default&#8220; hover_enabled=&#8220;0&#8243; global_colors_info=&#8220;{}&#8220; sticky_enabled=&#8220;0&#8243;]<\/p>\n<h3 style=\"text-align: center;\">\u201eAlles flie\u00dft &#8230;\u201c<\/h3>\n<h5 style=\"text-align: center;\">28. 06. bis 4. 10. 2026 Am\u00fcseum Saarburg<\/h5>\n<p style=\"text-align: center;\">\n<p style=\"text-align: center;\"><strong><\/strong><\/p>\n<p>[\/et_pb_text][\/et_pb_column][\/et_pb_row][et_pb_row _builder_version=&#8220;4.27.4&#8243; _module_preset=&#8220;default&#8220; global_colors_info=&#8220;{}&#8220;][et_pb_column type=&#8220;4_4&#8243; _builder_version=&#8220;4.27.4&#8243; _module_preset=&#8220;default&#8220; global_colors_info=&#8220;{}&#8220;][et_pb_text _builder_version=&#8220;4.27.4&#8243; _module_preset=&#8220;default&#8220; global_colors_info=&#8220;{}&#8220;]<\/p>\n<h1>und &#8230;<\/h1>\n<p>[\/et_pb_text][\/et_pb_column][\/et_pb_row][et_pb_row column_structure=&#8220;1_4,3_4&#8243; _builder_version=&#8220;4.27.4&#8243; _module_preset=&#8220;default&#8220; global_colors_info=&#8220;{}&#8220;][et_pb_column type=&#8220;1_4&#8243; _builder_version=&#8220;4.27.4&#8243; _module_preset=&#8220;default&#8220; global_colors_info=&#8220;{}&#8220;][\/et_pb_column][et_pb_column type=&#8220;3_4&#8243; _builder_version=&#8220;4.27.4&#8243; _module_preset=&#8220;default&#8220; global_colors_info=&#8220;{}&#8220;][et_pb_text _builder_version=&#8220;4.27.6&#8243; _module_preset=&#8220;default&#8220; hover_enabled=&#8220;0&#8243; global_colors_info=&#8220;{}&#8220; sticky_enabled=&#8220;0&#8243;]<\/p>\n<h3>\u201eim Fluss der Formen\u201c<\/h3>\n<h5>16. 4. bis 31. 12. 2026 Sympra Stuttgart<\/h5>\n<p>&nbsp;<\/p>\n<h3>\u201eFl\u00fcchtige Landschaften\u201c<\/h3>\n<h5>17. 4. bis 10. 06. 2026 Haus am Dom in Frankfurt<\/h5>\n<p>&nbsp;<\/p>\n<h3>\u201eNordArt 2026\u201c<\/h3>\n<h5>6. 6. bis 4. 10. 2026 Kunstwerk Carlsh\u00fctte, B\u00fcdelsdorf<\/h5>\n<p><strong><a href=\"https:\/\/www.nordart.de\/\">Klicken Sie hier f\u00fcr weitere Informationen<\/a><\/strong><\/p>\n<p>&nbsp;<\/p>\n<h3>\u201eAlles flie\u00dft &#8230;\u201c<\/h3>\n<h5>28. 06. bis 4. 10. 2026 Am\u00fcseum Saarburg<\/h5>\n<p>&nbsp;<\/p>\n<h3>\u201eWAS BLEIBT?\u201c<\/h3>\n<h5 style=\"font-weight: 400;\">23. 7. bis 4. 10. 2026 Galerie der Stadt Plochingen<\/h5>\n<p>&nbsp;<\/p>\n<h3>\u201eEchos der Stille\u201c<\/h3>\n<h5 style=\"font-weight: 400;\">13. 11. 2026 \u00a0bis 9. 1. 2027 Galerie Schacher \u2013 Raum f\u00fcr Kunst<\/h5>\n<p>[\/et_pb_text][\/et_pb_column][\/et_pb_row][et_pb_row use_custom_gutter=&#8220;on&#8220; gutter_width=&#8220;1&#8243; _builder_version=&#8220;4.27.5&#8243; _module_preset=&#8220;default&#8220; global_colors_info=&#8220;{}&#8220;][et_pb_column type=&#8220;4_4&#8243; _builder_version=&#8220;4.24.2&#8243; _module_preset=&#8220;default&#8220; global_colors_info=&#8220;{}&#8220;][et_pb_text _builder_version=&#8220;4.27.5&#8243; _module_preset=&#8220;default&#8220; custom_margin=&#8220;||20px||false|false&#8220; global_colors_info=&#8220;{}&#8220;]<\/p>\n<h1><strong>Fl\u00fcchtige Landschaften<\/strong><\/h1>\n<p>[\/et_pb_text][dnxte_masonary gallery_ids=&#8220;2780,2781,2782,2783,2784,2785,2786,2787,2788,2789,2790,2791,2792,2793,2794,2795,2796,2797&#8243; dnxte_columns=&#8220;3&#8243; dnxte_gutter=&#8220;7&#8243; _builder_version=&#8220;4.27.5&#8243; _module_preset=&#8220;default&#8220; global_colors_info=&#8220;{}&#8220;][\/dnxte_masonary][\/et_pb_column][\/et_pb_row][et_pb_row column_structure=&#8220;1_3,2_3&#8243; use_custom_gutter=&#8220;on&#8220; gutter_width=&#8220;2&#8243; _builder_version=&#8220;4.27.5&#8243; _module_preset=&#8220;default&#8220; global_colors_info=&#8220;{}&#8220;][et_pb_column type=&#8220;1_3&#8243; _builder_version=&#8220;4.27.5&#8243; _module_preset=&#8220;default&#8220; global_colors_info=&#8220;{}&#8220;][et_pb_video src=&#8220;https:\/\/klaudiadietewich.de\/wp-content\/uploads\/2026\/01\/Klaudia-Dietewich-Kuenstlerin-015-C-IMG_9360.mp4&#8243; admin_label=&#8220;Video&#8220; module_class=&#8220;lwp-video-autoplay&#8220; _builder_version=&#8220;4.27.5&#8243; _module_preset=&#8220;default&#8220; dnxte_custom_attribute_on_off=&#8220;on&#8220; dnxte_attributes_options=&#8220;%91{%22value%22:%22%22,%22checked%22:0,%22dragID%22:-1}%93&#8243; global_colors_info=&#8220;{}&#8220;][\/et_pb_video][et_pb_code _builder_version=&#8220;4.27.5&#8243; _module_preset=&#8220;default&#8220; global_colors_info=&#8220;{}&#8220;]<script><!-- [et_pb_line_break_holder] -->jQuery(document).ready(function() {<!-- [et_pb_line_break_holder] -->    if (jQuery('.lwp-video-autoplay .et_pb_video_box').length !== 0) {<!-- [et_pb_line_break_holder] -->        jQuery('.lwp-video-autoplay .et_pb_video_box').find('video').prop('muted', true);<!-- [et_pb_line_break_holder] -->        jQuery(\".lwp-video-autoplay .et_pb_video_box\").find('video').attr('loop', 'loop');<!-- [et_pb_line_break_holder] -->        jQuery(\".lwp-video-autoplay .et_pb_video_box\").find('video').attr('playsInline', '');<!-- [et_pb_line_break_holder] --> <!-- [et_pb_line_break_holder] -->        jQuery(\".lwp-video-autoplay .et_pb_video_box\").each(function() {<!-- [et_pb_line_break_holder] -->            jQuery(this).find('video').get(0).play();<!-- [et_pb_line_break_holder] -->        });<!-- [et_pb_line_break_holder] -->        jQuery('.lwp-video-autoplay .et_pb_video_box').find('video').removeAttr('controls');<!-- [et_pb_line_break_holder] -->    }<!-- [et_pb_line_break_holder] -->});<!-- [et_pb_line_break_holder] --><\/script>[\/et_pb_code][\/et_pb_column][et_pb_column type=&#8220;2_3&#8243; _builder_version=&#8220;4.27.5&#8243; _module_preset=&#8220;default&#8220; global_colors_info=&#8220;{}&#8220;][et_pb_video src=&#8220;https:\/\/klaudiadietewich.de\/wp-content\/uploads\/2026\/01\/Klaudia-Dietewich-Kuenstlerin-100-Z-IMG_9280.mp4&#8243; admin_label=&#8220;Video&#8220; module_class=&#8220;lwp-video-autoplay-unmute&#8220; _builder_version=&#8220;4.27.5&#8243; _module_preset=&#8220;default&#8220; dnxte_custom_attribute_on_off=&#8220;on&#8220; dnxte_attributes_options=&#8220;%91{%22value%22:%22%22,%22checked%22:0,%22dragID%22:-1}%93&#8243; global_colors_info=&#8220;{}&#8220;][\/et_pb_video][et_pb_code _builder_version=&#8220;4.27.5&#8243; _module_preset=&#8220;default&#8220; global_colors_info=&#8220;{}&#8220;]<script><!-- [et_pb_line_break_holder] -->jQuery(document).ready(function() {<!-- [et_pb_line_break_holder] -->    if (jQuery('.lwp-video-autoplay-unmute .et_pb_video_box').length !== 0) {<!-- [et_pb_line_break_holder] -->        jQuery('.lwp-video-autoplay-unmute .et_pb_video_box').find('video').prop('muted', true);<!-- [et_pb_line_break_holder] -->        jQuery(\".lwp-video-autoplay-unmute .et_pb_video_box\").find('video').attr('loop', 'loop');<!-- [et_pb_line_break_holder] -->        jQuery(\".lwp-video-autoplay-unmute .et_pb_video_box\").find('video').attr('playsInline', '');<!-- [et_pb_line_break_holder] --> <!-- [et_pb_line_break_holder] -->        jQuery(\".lwp-video-autoplay-unmute .et_pb_video_box\").each(function() {<!-- [et_pb_line_break_holder] -->            jQuery(this).find('video').get(0).play();<!-- [et_pb_line_break_holder] -->        });<!-- [et_pb_line_break_holder] -->        jQuery('.lwp-video-autoplay-unmute .et_pb_video_box').find('video').removeAttr('controls');<!-- [et_pb_line_break_holder] -->    }<!-- [et_pb_line_break_holder] -->});<!-- [et_pb_line_break_holder] --><\/script>[\/et_pb_code][et_pb_text _builder_version=&#8220;4.27.5&#8243; _module_preset=&#8220;default&#8220; global_colors_info=&#8220;{}&#8220;]<\/p>\n<p>Klicken Sie mit der rechten Maustaste auf das Video und aktivieren den Sound<\/p>\n<p>[\/et_pb_text][\/et_pb_column][\/et_pb_row][et_pb_row _builder_version=&#8220;4.19.0&#8243; _module_preset=&#8220;default&#8220; global_colors_info=&#8220;{}&#8220;][et_pb_column type=&#8220;4_4&#8243; _builder_version=&#8220;4.19.0&#8243; _module_preset=&#8220;default&#8220; global_colors_info=&#8220;{}&#8220;][et_pb_text _builder_version=&#8220;4.27.5&#8243; _module_preset=&#8220;default&#8220; global_colors_info=&#8220;{}&#8220;]<\/p>\n<p>Der Strand \u201eLes Blancs Sablons\u201c, \u201eGwendraezh\u201c auf Bretonisch, liegt nahe der Kleinstadt Le Conquet in Finist\u00e8re in der Bretagne und ist bei Surfern jeder Art \u00fcberaus beliebt wegen der kr\u00e4ftigen Winde und dem damit einhergehenden Wellengang. Die gesamte Gegend liegt auf einer keilf\u00f6rmigen Gesteinsformation\u00a0 aus Granit, die nicht nur weit landeinw\u00e4rts, sondern auch bis zu 7000 Meter in die Tiefe reicht: Ehemalige Berge, fast so hoch wie der Himalaya, die nicht abgetragen wurden, sondern nach und nach in der Tiefe der weichen Erdschichten verschwanden.<\/p>\n<p>Dieser Granit hat im Wesentlichen drei\u00a0 Bestandteile: Feldspat, wei\u00dfe K\u00f6rner, die den \u00fcberwiegenden Anteil des Sandes dort ausmachen, hellgrauer Quarz sowie schwarzer Glimmer aus der Gruppe der Schichtsilikate, auch Mica genannt. Das Besondere am Glimmer ist, dass er in Schichten aufgebaut ist, die eine sehr schwache Bindung untereinander aufweisen und sich darum an den Schichtgrenzen leicht l\u00f6sen. Dieser schwarze Glimmer im Sand hat die Form von Pailletten, die in den Wellen surfen wie Bl\u00e4tter im Wind. Aus diesem Grund bewegt sich der schwarze Glimmer in den zur\u00fccklaufenden Wellen schneller als die hellen Feldspate und Quarze, die dem Wasser mehr Widerstand bieten und schneller zu Boden sinken.<\/p>\n<p>Meine Fotos in diesem Buch zeigen die Spuren dieser Felsen, die einstmals gen Himmel ragten und sind zugleich rasch verg\u00e4ngliche Momentaufnahmen, Bilder, gezeichnet von den Wellen, die Augenblicke sp\u00e4ter schon wieder verschwunden sein k\u00f6nnen.<\/p>\n<p>&nbsp;<\/p>\n<p>[\/et_pb_text][\/et_pb_column][\/et_pb_row][et_pb_row _builder_version=&#8220;4.24.2&#8243; _module_preset=&#8220;default&#8220; global_colors_info=&#8220;{}&#8220;][et_pb_column type=&#8220;4_4&#8243; _builder_version=&#8220;4.24.2&#8243; _module_preset=&#8220;default&#8220; global_colors_info=&#8220;{}&#8220;][et_pb_text _builder_version=&#8220;4.19.5&#8243; _module_preset=&#8220;default&#8220; global_colors_info=&#8220;{}&#8220;]<\/p>\n<h1><strong>Spuren<\/strong><\/h1>\n<p>[\/et_pb_text][et_pb_slider _builder_version=&#8220;4.24.2&#8243; _module_preset=&#8220;default&#8220; min_height=&#8220;540px&#8220; min_height_tablet=&#8220;295px&#8220; min_height_phone=&#8220;156px&#8220; min_height_last_edited=&#8220;on|phone&#8220; custom_margin=&#8220;15px||||false|false&#8220; custom_margin_tablet=&#8220;15px||||false|false&#8220; custom_margin_phone=&#8220;15px||||false|false&#8220; custom_margin_last_edited=&#8220;on|phone&#8220; global_colors_info=&#8220;{}&#8220;][et_pb_slide _builder_version=&#8220;4.19.4&#8243; _module_preset=&#8220;default&#8220; background_color=&#8220;RGBA(255,255,255,0)&#8220; background_enable_color=&#8220;on&#8220; background_image=&#8220;http:\/\/neu.klaudiadietewich.de\/wp-content\/uploads\/2023\/01\/Klaudia-Ditewich-Kuenstlerin-Aktuell-Slider-03.jpg&#8220; background_enable_image=&#8220;on&#8220; background_size=&#8220;contain&#8220; global_colors_info=&#8220;{}&#8220; sticky_transition=&#8220;on&#8220;][\/et_pb_slide][et_pb_slide _builder_version=&#8220;4.19.4&#8243; _module_preset=&#8220;default&#8220; background_color=&#8220;RGBA(255,255,255,0)&#8220; background_enable_color=&#8220;on&#8220; background_image=&#8220;http:\/\/neu.klaudiadietewich.de\/wp-content\/uploads\/2023\/01\/Klaudia-Ditewich-Kuenstlerin-Aktuell-Slider-01.jpg&#8220; background_enable_image=&#8220;on&#8220; background_size=&#8220;contain&#8220; global_colors_info=&#8220;{}&#8220; sticky_transition=&#8220;on&#8220;][\/et_pb_slide][et_pb_slide _builder_version=&#8220;4.19.4&#8243; _module_preset=&#8220;default&#8220; background_color=&#8220;RGBA(255,255,255,0)&#8220; background_enable_color=&#8220;on&#8220; background_image=&#8220;http:\/\/neu.klaudiadietewich.de\/wp-content\/uploads\/2023\/01\/Klaudia-Ditewich-Kuenstlerin-Aktuell-Slider-02.jpg&#8220; background_enable_image=&#8220;on&#8220; background_size=&#8220;contain&#8220; global_colors_info=&#8220;{}&#8220; sticky_transition=&#8220;on&#8220;][\/et_pb_slide][\/et_pb_slider][\/et_pb_column][\/et_pb_row][et_pb_row _builder_version=&#8220;4.19.0&#8243; _module_preset=&#8220;default&#8220; global_colors_info=&#8220;{}&#8220;][et_pb_column type=&#8220;4_4&#8243; _builder_version=&#8220;4.19.0&#8243; _module_preset=&#8220;default&#8220; global_colors_info=&#8220;{}&#8220;][et_pb_text _builder_version=&#8220;4.19.5&#8243; _module_preset=&#8220;default&#8220; global_colors_info=&#8220;{}&#8220;]<\/p>\n<p>Bei ihren Streifz\u00fcgen durch die St\u00e4dte in aller Welt l\u00f6st Klaudia Dietewich Fragmente aus vernarbten, verkleckerten, gerissenen und zerschundenen Asphaltfl\u00e4chen heraus: R\u00e4tselhafte Spuren, Relikte, die auf die eine oder andere Weise den Zustand unserer Welt spiegeln. Ihre Fundst\u00fccke aus der Serie \u201eWegst\u00fccke\u201c sind Bruchst\u00fccke, die, obwohl ganz ungegenst\u00e4ndlich, zu Projektionsfl\u00e4chen der Einbildungskraft werden, Erinnerungen wachrufen, Assoziationen wecken und Geschichten erz\u00e4hlen. Als &#8222;Kondensat gelebten Lebens&#8220; stellen sie die Frage, was bleibt von uns und von der Welt, wie wir sie kennen.<span><span class=\"Apple-converted-space\">\u00a0<\/span><\/span><\/p>\n<p>Im fotografischen Abzug entfaltet die Oberfl\u00e4chenstruktur der realen Vorlage ihre spezifischen \u00e4sthetischen Reize auf dem Bildtr\u00e4ger Alu-Dibond. So als habe die Fotografie hier zu ihrem Gegenstand gefunden, das verschwundene und verschwindende Leben ins Bild zu bannen, schafft Klaudia Dietewich mit ihrem Gef\u00fchl f\u00fcr Form und Struktur ein Bildarchiv, das einen vermeintlich hinl\u00e4nglich bekannten Stadtraum neu entdeckt \u2013 in Bildern, die gleichzeitig vertraut, irritierend und befremdend sind. <span class=\"Apple-converted-space\">\u00a0<\/span><\/p>\n<p>(Dr. Otto Rothfuss)<\/p>\n<p><strong><a href=\"#Texterweiterung\" title=\"#Texterweiterung\">Lesen Sie mehr &#8230;<\/a><\/strong><\/p>\n<p>[\/et_pb_text][\/et_pb_column][\/et_pb_row][et_pb_row column_structure=&#8220;1_3,1_3,1_3&#8243; use_custom_gutter=&#8220;on&#8220; gutter_width=&#8220;1&#8243; make_equal=&#8220;on&#8220; _builder_version=&#8220;4.19.0&#8243; _module_preset=&#8220;default&#8220; global_colors_info=&#8220;{}&#8220;][et_pb_column type=&#8220;1_3&#8243; _builder_version=&#8220;4.19.0&#8243; _module_preset=&#8220;default&#8220; global_colors_info=&#8220;{}&#8220;][et_pb_image src=&#8220;http:\/\/neu.klaudiadietewich.de\/wp-content\/uploads\/2022\/11\/Koyasan-1200x1200x72.jpg&#8220; title_text=&#8220;Klaudia Dietewich Koyasan 1200x1200x72&#8243; _builder_version=&#8220;4.19.0&#8243; _module_preset=&#8220;default&#8220; global_colors_info=&#8220;{}&#8220;][\/et_pb_image][\/et_pb_column][et_pb_column type=&#8220;1_3&#8243; _builder_version=&#8220;4.19.0&#8243; _module_preset=&#8220;default&#8220; global_colors_info=&#8220;{}&#8220;][et_pb_image src=&#8220;http:\/\/neu.klaudiadietewich.de\/wp-content\/uploads\/2022\/12\/Foto-fuer-VBKW-3_Quadrat.jpg&#8220; title_text=&#8220;Foto f\u00fcr VBKW 3_Quadrat&#8220; _builder_version=&#8220;4.19.0&#8243; _module_preset=&#8220;default&#8220; global_colors_info=&#8220;{}&#8220;][\/et_pb_image][\/et_pb_column][et_pb_column type=&#8220;1_3&#8243; _builder_version=&#8220;4.19.0&#8243; _module_preset=&#8220;default&#8220; global_colors_info=&#8220;{}&#8220;][et_pb_image src=&#8220;http:\/\/neu.klaudiadietewich.de\/wp-content\/uploads\/2022\/12\/Nara-Japan_quardat.jpg&#8220; title_text=&#8220;Nara (Japan)_quardat&#8220; _builder_version=&#8220;4.19.0&#8243; _module_preset=&#8220;default&#8220; global_colors_info=&#8220;{}&#8220;][\/et_pb_image][\/et_pb_column][\/et_pb_row][et_pb_row _builder_version=&#8220;4.19.5&#8243; _module_preset=&#8220;default&#8220; global_colors_info=&#8220;{}&#8220;][et_pb_column type=&#8220;4_4&#8243; _builder_version=&#8220;4.19.5&#8243; _module_preset=&#8220;default&#8220; global_colors_info=&#8220;{}&#8220;][et_pb_text module_id=&#8220;Texterweiterung&#8220; _builder_version=&#8220;4.20.1&#8243; _module_preset=&#8220;default&#8220; global_colors_info=&#8220;{}&#8220;]<\/p>\n<p>F\u00fcr Klaudia Dietewich ist die Stadt nicht das unkoordinierte Gewusel der Masse oder das H\u00e4usermeer, in dem Sich der Einzelne verliert, sondern ein fast abstraktes Gebilde, in dem der Mensch seine r\u00e4tselhaften repetitiven Spuren zur\u00fcckgelassen hat. Hier ist der Ort, an dem f\u00fcr die K\u00fcnstlerin die gro\u00dfe, reine Sch\u00f6nheit der modernen Welt zu finden ist. Was f\u00fcr eine verwirrende Poesie der Flecken, Kratzer, Risse und Schmierereien!<\/p>\n<p>Die Fotografie erweist sich dabei als das Bildmedium, das den Blick der Fotografin als das eigentlich sch\u00f6pferisch Wirkende ins Zentrum stellt und uns so die Welt immer wieder neu entdecken l\u00e4sst. Sie ist hier mehr als blo\u00dfes Dokument: Sie ist ein zeichenhaftes Kondensat, das der Betrachter in einem Diskurs zu entfalten hat.<\/p>\n<p>Dietewichs Fundst\u00fccke sind Versuche einer Art fotografischer \u201e\u00e9criture automatique\u201c mit Wirklichkeitsfragmenten. Als in Form geronnene \u00dcberreste der Kultur liefern sie der Einbildungskraft eine Matrix, an der diese kulturelle Kodierungsformen einklammern kann, um die Welt mit anderen Augen zu sehen. Die Fotografien oszillieren zwischen einer reinen Wiedergabe des Amorphen und einer Strukturierung des Gesehenen, in der der Betrachter Gegenst\u00e4nde und bildliche Darstellungen zu erblicken glaubt. Die Asphalt- und Wandbilder werden zu Projektionsfl\u00e4chen der Einbildungskraft. Die Fotografien sind Wiedergabe des Chaos und seine Strukturierung zugleich. Das macht ihren r\u00e4tselhaften Zauber aus.<\/p>\n<p>Im fotografischen Abzug fallen die visuellen Fragmente mit dem Bildtr\u00e4ger \u2013 meist AluDibond oder Barytpapier \u2013 zusammen. Die Resultate erinnern an fotografierte abstrakte Kunstwerke und sind gleichzeitig reine Fotografie. Es ist schwer beim Betrachten der Arbeiten nicht die gro\u00dfen Werke der Malerei mitzusehen, die sich heute in unserem kollektiven Ged\u00e4chtnis tummeln.<\/p>\n<p>(Dr. Otto Rothfuss)<\/p>\n<p>[\/et_pb_text][\/et_pb_column][\/et_pb_row][\/et_pb_section]<\/p>\n","protected":false},"excerpt":{"rendered":"<p>AktuellPer Klick auf den Button gelangen Sie zur ausf\u00fchrlichen Website des Projekts\u201e50 St\u00e4dte \u2013 50 Spuren\u201c.Meine n\u00e4chsten Ausstellungen: \u201eFl\u00fcchtige Landschaften\u201c 17. 4. bis 10. 06. 2026 Haus am Dom in Frankfurt \u201eNordArt 2026\u201c 6. 6. bis 4. 10. 2026 Kunstwerk Carlsh\u00fctte, B\u00fcdelsdorf Klicken Sie hier f\u00fcr weitere Informationen\u201eAlles flie\u00dft &#8230;\u201c 28. 06. bis 4. 10. [&hellip;]<\/p>\n","protected":false},"author":1,"featured_media":0,"parent":0,"menu_order":0,"comment_status":"closed","ping_status":"closed","template":"","meta":{"_et_pb_use_builder":"on","_et_pb_old_content":"<!-- wp:divi\/placeholder \/-->","_et_gb_content_width":"","footnotes":""},"class_list":["post-77","page","type-page","status-publish","hentry"],"_links":{"self":[{"href":"https:\/\/klaudiadietewich.de\/en\/wp-json\/wp\/v2\/pages\/77","targetHints":{"allow":["GET"]}}],"collection":[{"href":"https:\/\/klaudiadietewich.de\/en\/wp-json\/wp\/v2\/pages"}],"about":[{"href":"https:\/\/klaudiadietewich.de\/en\/wp-json\/wp\/v2\/types\/page"}],"author":[{"embeddable":true,"href":"https:\/\/klaudiadietewich.de\/en\/wp-json\/wp\/v2\/users\/1"}],"replies":[{"embeddable":true,"href":"https:\/\/klaudiadietewich.de\/en\/wp-json\/wp\/v2\/comments?post=77"}],"version-history":[{"count":136,"href":"https:\/\/klaudiadietewich.de\/en\/wp-json\/wp\/v2\/pages\/77\/revisions"}],"predecessor-version":[{"id":2889,"href":"https:\/\/klaudiadietewich.de\/en\/wp-json\/wp\/v2\/pages\/77\/revisions\/2889"}],"wp:attachment":[{"href":"https:\/\/klaudiadietewich.de\/en\/wp-json\/wp\/v2\/media?parent=77"}],"curies":[{"name":"wp","href":"https:\/\/api.w.org\/{rel}","templated":true}]}}